{"id":68,"date":"2026-01-29T12:15:11","date_gmt":"2026-01-29T12:15:11","guid":{"rendered":"https:\/\/ikaros.pro\/?page_id=68"},"modified":"2026-01-31T04:34:43","modified_gmt":"2026-01-31T04:34:43","slug":"documentos","status":"publish","type":"page","link":"https:\/\/ikaros.pro\/es\/documentos\/","title":{"rendered":"Manual del usuario de Aigent"},"content":{"rendered":"<h1 class=\"wp-block-heading\">Introducci\u00f3n a la IA de Aigentic<\/h1>\r\n\r\n\r\n\r\n<p>\u00a1Bienvenido a Aigentic! Esta gu\u00eda te ayudar\u00e1 a transformar tu tienda WooCommerce en una plataforma potente y lista para agentes con Google Gemini AI.<\/p>\r\n\r\n\r\n\r\n<h2 class=\"wp-block-heading\">1. Instalaci\u00f3n<\/h2>\r\n\r\n\r\n\r\n<h3 class=\"wp-block-heading\"><strong>Paso A: Instalar la Fundaci\u00f3n (complemento gratuito)<\/strong><\/h3>\r\n\r\n\r\n\r\n<ol class=\"wp-block-list\" start=\"1\">\r\n<li>Descargar el <strong>IA aig\u00e9nica<\/strong> Plugin (gratuito).<\/li>\r\n\r\n\r\n\r\n<li>Vaya a su panel de WordPress \u2192 <strong>Complementos<\/strong> \u2192 <strong>Agregar nuevo<\/strong>.<\/li>\r\n\r\n\r\n\r\n<li>Hacer clic <strong>Complemento de carga<\/strong> y seleccione <code>aigentic.zip<\/code>.<\/li>\r\n\r\n\r\n\r\n<li>Hacer clic <strong>Activar<\/strong>.<\/li>\r\n<\/ol>\r\n\r\n\r\n\r\n<h3 class=\"wp-block-heading\"><strong>Paso B: Instalar el complemento Pro<\/strong><\/h3>\r\n\r\n\r\n\r\n<ol class=\"wp-block-list\" start=\"1\">\r\n<li>Descargar el <strong>Aigent Pro<\/strong> complemento desde su correo electr\u00f3nico de compra.<\/li>\r\n\r\n\r\n\r\n<li>Ir a <strong>Complementos<\/strong> \u2192 <strong>Agregar nuevo<\/strong>.<\/li>\r\n\r\n\r\n\r\n<li>Subir <code>aigentic-pro.zip<\/code> y haga clic <strong>Activar<\/strong>.<\/li>\r\n<\/ol>\r\n\r\n\r\n<hr class=\"wp-block-separator has-alpha-channel-opacity\" \/>\r\n\r\n\r\n<h2 class=\"wp-block-heading\">2. Activaci\u00f3n de su licencia<\/h2>\r\n\r\n\r\n\r\n<p><em>Desbloquea Vision AI y herramientas masivas.<\/em><\/p>\r\n\r\n\r\n\r\n<ol class=\"wp-block-list\" start=\"1\">\r\n<li>Navegar a <strong>IA aig\u00e9nica<\/strong> en la barra lateral de WordPress.<\/li>\r\n\r\n\r\n\r\n<li>Busque el <strong>\u201cActivaci\u00f3n de la licencia Pro\u201d<\/strong> cuadro (generalmente a la derecha o abajo).<\/li>\r\n\r\n\r\n\r\n<li>Ingrese la clave de licencia que recibi\u00f3 por correo electr\u00f3nico (por ejemplo, <code>AIG-1A2B3C...<\/code>).<\/li>\r\n\r\n\r\n\r\n<li>Hacer clic <strong>Activar licencia<\/strong>.<\/li>\r\n\r\n\r\n\r\n<li>Deber\u00edas ver un mensaje verde: <strong>\u201c\u2705 Licencia activa\u201d<\/strong>.<\/li>\r\n<\/ol>\r\n\r\n\r\n<hr class=\"wp-block-separator has-alpha-channel-opacity\" \/>\r\n\r\n\r\n<h2 class=\"wp-block-heading\">3. C\u00f3mo obtener tu clave API de Google Gemini<\/h2>\r\n\r\n\r\n\r\n<p><em>Esto es necesario para que la IA \u201cvea\u201d y \u201cescriba\u201d descripciones.<\/em><\/p>\r\n\r\n\r\n\r\n<p>Aigentic utiliza su propia cuenta de Google Cloud, lo que proporciona una generosa <strong>Nivel gratuito<\/strong> (actualmente gratuito para uso b\u00e1sico).<\/p>\r\n\r\n\r\n\r\n<ol class=\"wp-block-list\" start=\"1\">\r\n<li>Ir a <a href=\"https:\/\/aistudio.google.com\/app\/apikey\" target=\"_blank\" rel=\"noreferrer noopener\">Google AI Studio (Obtener clave API)<\/a>.<\/li>\r\n\r\n\r\n\r\n<li>Hacer clic <strong>\u201cCrear clave API\u201d<\/strong>.<\/li>\r\n\r\n\r\n\r\n<li>Seleccione su proyecto de Google Cloud (o cree uno nuevo).<\/li>\r\n\r\n\r\n\r\n<li>Copia la cadena larga (comienza con <code>Aiza...<\/code>).<\/li>\r\n\r\n\r\n\r\n<li>Regresa a tu panel de WordPress \u2192 <strong>IA aig\u00e9nica<\/strong>.<\/li>\r\n\r\n\r\n\r\n<li>Pegue la clave en el <strong>\u201cClave API de Google Gemini\u201d<\/strong> campo.<\/li>\r\n\r\n\r\n\r\n<li>Hacer clic <strong>Guardar y probar<\/strong>.<\/li>\r\n<\/ol>\r\n\r\n\r\n\r\n<blockquote class=\"wp-block-quote is-layout-flow wp-block-quote-is-layout-flow\">\r\n<p><strong>Nota:<\/strong> Si la prueba falla, aseg\u00farese de haber habilitado la \u201cAPI de lenguaje generativo\u201d en su Google Cloud Console.<\/p>\r\n<\/blockquote>\r\n\r\n\r\n<hr class=\"wp-block-separator has-alpha-channel-opacity\" \/>\r\n\r\n\r\n<h2 class=\"wp-block-heading\">4. C\u00f3mo usar Vision AI (producto \u00fanico)<\/h2>\r\n\r\n\r\n\r\n<p><em>Deje que la IA mire la imagen de su producto y escriba una descripci\u00f3n.<\/em><\/p>\r\n\r\n\r\n\r\n<ol class=\"wp-block-list\" start=\"1\">\r\n<li>Ir a <strong>Productos<\/strong> y haga clic en cualquier producto para editarlo.<\/li>\r\n\r\n\r\n\r\n<li>Despl\u00e1cese hacia abajo hasta la <strong>\u201cIA aig\u00e9nica\u201d<\/strong> pesta\u00f1a (generalmente en la secci\u00f3n Datos del producto).<\/li>\r\n\r\n\r\n\r\n<li>Aseg\u00farese de que su producto tenga una <strong>Imagen principal<\/strong> colocar.<\/li>\r\n\r\n\r\n\r\n<li>Hacer clic <strong>\u201cGenerar con Vision AI\u201d<\/strong>.<\/li>\r\n\r\n\r\n\r\n<li>Espere de 3 a 5 segundos. La IA analizar\u00e1 los materiales, los colores y el contexto de la imagen.<\/li>\r\n\r\n\r\n\r\n<li>El <strong>Resumen del contexto de IA<\/strong> El campo se completar\u00e1 autom\u00e1ticamente con una descripci\u00f3n de alta densidad.<\/li>\r\n\r\n\r\n\r\n<li><strong>Actualizar\/Guardar<\/strong> el producto.<\/li>\r\n<\/ol>\r\n\r\n\r\n\r\n<p><em>Esta descripci\u00f3n ahora es invisible para los humanos, pero visible para los robots de compras de IA a trav\u00e9s de <code>contexto de inteligencia artificial<\/code> etiqueta meta.<\/em><\/p>\r\n\r\n\r\n<hr class=\"wp-block-separator has-alpha-channel-opacity\" \/>\r\n\r\n\r\n<h2 class=\"wp-block-heading\">5. C\u00f3mo usar Bulk Optimizer<\/h2>\r\n\r\n\r\n\r\n<p><em>Procese todo su cat\u00e1logo en segundo plano.<\/em><\/p>\r\n\r\n\r\n\r\n<ol class=\"wp-block-list\" start=\"1\">\r\n<li>Ir a <strong>IA aig\u00e9nica<\/strong> \u2192 <strong>Optimizador masivo<\/strong>.<\/li>\r\n\r\n\r\n\r\n<li>Primero, seleccione su idioma de destino (por ejemplo, holand\u00e9s, ingl\u00e9s, franc\u00e9s) en la configuraci\u00f3n principal.<\/li>\r\n\r\n\r\n\r\n<li>Hacer clic <strong>Iniciar optimizaci\u00f3n<\/strong>.<\/li>\r\n\r\n\r\n\r\n<li>La barra de progreso mostrar\u00e1 el estado.\r\n<ul class=\"wp-block-list\">\r\n<li><em>Nota: Para evitar fallas del servidor, la herramienta masiva procesa los productos uno por uno.<\/em><\/li>\r\n<\/ul>\r\n<\/li>\r\n\r\n\r\n\r\n<li>No cierre la pesta\u00f1a hasta que la barra de progreso llegue a 100%.<\/li>\r\n<\/ol>","protected":false},"excerpt":{"rendered":"<p>Getting Started with Aigentic AI Welcome to Aigentic! This guide will help you transform your WooCommerce store into an Agent-Ready powerhouse using Google Gemini AI. 1. Installation Step A: Install the Foundation (Free Plugin) Step B: Install the Pro Add-On 2. Activating Your License Unlocks Vision AI &amp; Bulk Tools. 3. Getting Your Google Gemini [&hellip;]<\/p>\n","protected":false},"author":1,"featured_media":0,"parent":0,"menu_order":0,"comment_status":"closed","ping_status":"closed","template":"","meta":{"footnotes":""},"class_list":["post-68","page","type-page","status-publish","hentry"],"yoast_head":"<!-- This site is optimized with the Yoast SEO plugin v27.2 - https:\/\/yoast.com\/product\/yoast-seo-wordpress\/ -->\n<title>Aigentic User Manual - IKAROS AI Commerce Layer<\/title>\n<meta name=\"robots\" content=\"index, follow, max-snippet:-1, max-image-preview:large, max-video-preview:-1\" \/>\n<link rel=\"canonical\" href=\"https:\/\/ikaros.pro\/es\/documentos\/\" \/>\n<meta property=\"og:locale\" content=\"es_ES\" \/>\n<meta property=\"og:type\" content=\"article\" \/>\n<meta property=\"og:title\" content=\"Aigentic User Manual - IKAROS AI Commerce Layer\" \/>\n<meta property=\"og:description\" content=\"Getting Started with Aigentic AI Welcome to Aigentic! This guide will help you transform your WooCommerce store into an Agent-Ready powerhouse using Google Gemini AI. 1. Installation Step A: Install the Foundation (Free Plugin) Step B: Install the Pro Add-On 2. Activating Your License Unlocks Vision AI &amp; Bulk Tools. 3. Getting Your Google Gemini [&hellip;]\" \/>\n<meta property=\"og:url\" content=\"https:\/\/ikaros.pro\/es\/documentos\/\" \/>\n<meta property=\"og:site_name\" content=\"IKAROS AI Commerce Layer\" \/>\n<meta property=\"article:modified_time\" content=\"2026-01-31T04:34:43+00:00\" \/>\n<meta property=\"og:image\" content=\"https:\/\/ikaros.pro\/wp-content\/uploads\/2026\/01\/Gemini_Generated_Image_fsfnu9fsfnu9fsfn-removebg-preview-1.png\" \/>\n\t<meta property=\"og:image:width\" content=\"500\" \/>\n\t<meta property=\"og:image:height\" content=\"500\" \/>\n\t<meta property=\"og:image:type\" content=\"image\/png\" \/>\n<meta name=\"twitter:card\" content=\"summary_large_image\" \/>\n<meta name=\"twitter:label1\" content=\"Tiempo de lectura\" \/>\n\t<meta name=\"twitter:data1\" content=\"2 minutos\" \/>\n<script type=\"application\/ld+json\" class=\"yoast-schema-graph\">{\"@context\":\"https:\/\/schema.org\",\"@graph\":[{\"@type\":\"WebPage\",\"@id\":\"https:\/\/ikaros.pro\/docs\/\",\"url\":\"https:\/\/ikaros.pro\/docs\/\",\"name\":\"Aigentic User Manual - IKAROS AI Commerce Layer\",\"isPartOf\":{\"@id\":\"https:\/\/ikaros.pro\/#website\"},\"datePublished\":\"2026-01-29T12:15:11+00:00\",\"dateModified\":\"2026-01-31T04:34:43+00:00\",\"breadcrumb\":{\"@id\":\"https:\/\/ikaros.pro\/docs\/#breadcrumb\"},\"inLanguage\":\"es\",\"potentialAction\":[{\"@type\":\"ReadAction\",\"target\":[\"https:\/\/ikaros.pro\/docs\/\"]}]},{\"@type\":\"BreadcrumbList\",\"@id\":\"https:\/\/ikaros.pro\/docs\/#breadcrumb\",\"itemListElement\":[{\"@type\":\"ListItem\",\"position\":1,\"name\":\"Home\",\"item\":\"https:\/\/ikaros.pro\/\"},{\"@type\":\"ListItem\",\"position\":2,\"name\":\"Aigentic User Manual\"}]},{\"@type\":\"WebSite\",\"@id\":\"https:\/\/ikaros.pro\/#website\",\"url\":\"https:\/\/ikaros.pro\/\",\"name\":\"IKAROS Ai Commerce Layer\",\"description\":\"AI Manifest &amp; Bot Optimizer for WooCommerce (ChatGPT, Gemini, Agentic Commerce)\",\"publisher\":{\"@id\":\"https:\/\/ikaros.pro\/#organization\"},\"potentialAction\":[{\"@type\":\"SearchAction\",\"target\":{\"@type\":\"EntryPoint\",\"urlTemplate\":\"https:\/\/ikaros.pro\/?s={search_term_string}\"},\"query-input\":{\"@type\":\"PropertyValueSpecification\",\"valueRequired\":true,\"valueName\":\"search_term_string\"}}],\"inLanguage\":\"es\"},{\"@type\":\"Organization\",\"@id\":\"https:\/\/ikaros.pro\/#organization\",\"name\":\"AiGentic\",\"url\":\"https:\/\/ikaros.pro\/\",\"logo\":{\"@type\":\"ImageObject\",\"inLanguage\":\"es\",\"@id\":\"https:\/\/ikaros.pro\/#\/schema\/logo\/image\/\",\"url\":\"https:\/\/ikaros.pro\/wp-content\/uploads\/2026\/03\/ikaros_logo-e1772829776648.png\",\"contentUrl\":\"https:\/\/ikaros.pro\/wp-content\/uploads\/2026\/03\/ikaros_logo-e1772829776648.png\",\"width\":300,\"height\":40,\"caption\":\"AiGentic\"},\"image\":{\"@id\":\"https:\/\/ikaros.pro\/#\/schema\/logo\/image\/\"}}]}<\/script>\n<!-- \/ Yoast SEO plugin. -->","yoast_head_json":{"title":"Manual del usuario de Aigent - Capa de comercio de IA de IKAROS","robots":{"index":"index","follow":"follow","max-snippet":"max-snippet:-1","max-image-preview":"max-image-preview:large","max-video-preview":"max-video-preview:-1"},"canonical":"https:\/\/ikaros.pro\/es\/documentos\/","og_locale":"es_ES","og_type":"article","og_title":"Aigentic User Manual - IKAROS AI Commerce Layer","og_description":"Getting Started with Aigentic AI Welcome to Aigentic! This guide will help you transform your WooCommerce store into an Agent-Ready powerhouse using Google Gemini AI. 1. Installation Step A: Install the Foundation (Free Plugin) Step B: Install the Pro Add-On 2. Activating Your License Unlocks Vision AI &amp; Bulk Tools. 3. Getting Your Google Gemini [&hellip;]","og_url":"https:\/\/ikaros.pro\/es\/documentos\/","og_site_name":"IKAROS AI Commerce Layer","article_modified_time":"2026-01-31T04:34:43+00:00","og_image":[{"width":500,"height":500,"url":"https:\/\/ikaros.pro\/wp-content\/uploads\/2026\/01\/Gemini_Generated_Image_fsfnu9fsfnu9fsfn-removebg-preview-1.png","type":"image\/png"}],"twitter_card":"summary_large_image","twitter_misc":{"Tiempo de lectura":"2 minutos"},"schema":{"@context":"https:\/\/schema.org","@graph":[{"@type":"WebPage","@id":"https:\/\/ikaros.pro\/docs\/","url":"https:\/\/ikaros.pro\/docs\/","name":"Manual del usuario de Aigent - Capa de comercio de IA de IKAROS","isPartOf":{"@id":"https:\/\/ikaros.pro\/#website"},"datePublished":"2026-01-29T12:15:11+00:00","dateModified":"2026-01-31T04:34:43+00:00","breadcrumb":{"@id":"https:\/\/ikaros.pro\/docs\/#breadcrumb"},"inLanguage":"es","potentialAction":[{"@type":"ReadAction","target":["https:\/\/ikaros.pro\/docs\/"]}]},{"@type":"BreadcrumbList","@id":"https:\/\/ikaros.pro\/docs\/#breadcrumb","itemListElement":[{"@type":"ListItem","position":1,"name":"Home","item":"https:\/\/ikaros.pro\/"},{"@type":"ListItem","position":2,"name":"Aigentic User Manual"}]},{"@type":"WebSite","@id":"https:\/\/ikaros.pro\/#website","url":"https:\/\/ikaros.pro\/","name":"Capa de comercio de IA de IKAROS","description":"Optimizador de manifiestos y bots con IA para WooCommerce (ChatGPT, Gemini, Agentic Commerce)","publisher":{"@id":"https:\/\/ikaros.pro\/#organization"},"potentialAction":[{"@type":"SearchAction","target":{"@type":"EntryPoint","urlTemplate":"https:\/\/ikaros.pro\/?s={search_term_string}"},"query-input":{"@type":"PropertyValueSpecification","valueRequired":true,"valueName":"search_term_string"}}],"inLanguage":"es"},{"@type":"Organization","@id":"https:\/\/ikaros.pro\/#organization","name":"AiGentic","url":"https:\/\/ikaros.pro\/","logo":{"@type":"ImageObject","inLanguage":"es","@id":"https:\/\/ikaros.pro\/#\/schema\/logo\/image\/","url":"https:\/\/ikaros.pro\/wp-content\/uploads\/2026\/03\/ikaros_logo-e1772829776648.png","contentUrl":"https:\/\/ikaros.pro\/wp-content\/uploads\/2026\/03\/ikaros_logo-e1772829776648.png","width":300,"height":40,"caption":"AiGentic"},"image":{"@id":"https:\/\/ikaros.pro\/#\/schema\/logo\/image\/"}}]}},"_links":{"self":[{"href":"https:\/\/ikaros.pro\/es\/wp-json\/wp\/v2\/pages\/68","targetHints":{"allow":["GET"]}}],"collection":[{"href":"https:\/\/ikaros.pro\/es\/wp-json\/wp\/v2\/pages"}],"about":[{"href":"https:\/\/ikaros.pro\/es\/wp-json\/wp\/v2\/types\/page"}],"author":[{"embeddable":true,"href":"https:\/\/ikaros.pro\/es\/wp-json\/wp\/v2\/users\/1"}],"replies":[{"embeddable":true,"href":"https:\/\/ikaros.pro\/es\/wp-json\/wp\/v2\/comments?post=68"}],"version-history":[{"count":3,"href":"https:\/\/ikaros.pro\/es\/wp-json\/wp\/v2\/pages\/68\/revisions"}],"predecessor-version":[{"id":277,"href":"https:\/\/ikaros.pro\/es\/wp-json\/wp\/v2\/pages\/68\/revisions\/277"}],"wp:attachment":[{"href":"https:\/\/ikaros.pro\/es\/wp-json\/wp\/v2\/media?parent=68"}],"curies":[{"name":"wp","href":"https:\/\/api.w.org\/{rel}","templated":true}]}}