{"id":150,"date":"2026-01-30T22:32:00","date_gmt":"2026-01-30T22:32:00","guid":{"rendered":"https:\/\/ikaros.pro\/?post_type=product&#038;p=150"},"modified":"2026-03-16T19:43:43","modified_gmt":"2026-03-16T19:43:43","slug":"optimizador-de-bots-de-manifiesto-de-ia-gratuito-de-aigentic-para-woocommerce","status":"publish","type":"product","link":"https:\/\/ikaros.pro\/es\/product\/optimizador-de-bots-de-manifiesto-de-ia-gratuito-de-aigentic-para-woocommerce\/","title":{"rendered":"Ikaros Ai Commerce Layer Free \u2013 Plugin AI Manifest y Bot Optimizer para WooCommerce"},"content":{"rendered":"<h3><strong>Domina el futuro de tu comercio con IA con IKAROS.<\/strong><\/h3>\n<p>En una era donde los agentes de IA y los asistentes de compra se est\u00e1n convirtiendo en los principales canales de descubrimiento, IKAROS es la infraestructura que tu tienda WooCommerce necesita para prosperar. Deja de esconderte de la IA: prepara activamente tus productos para que la inteligencia artificial los descubra y recomiende.<\/p>\n<h3><strong>\u00bfQu\u00e9 es IKAROS?<\/strong><\/h3>\n<p>IKAROS es un plugin gratuito de c\u00f3digo abierto para WooCommerce que transforma tu tienda en una plataforma de comercio electr\u00f3nico preparada para la IA. Genera datos de productos legibles por m\u00e1quina, ofrece puntos de acceso para la detecci\u00f3n de productos y proporciona informaci\u00f3n detallada sobre c\u00f3mo los bots y rastreadores de IA interact\u00faan con tu contenido. Tanto si buscas optimizar para agentes de compra con IA, rastreadores de motores de b\u00fasqueda o futuros protocolos basados en agentes, IKAROS conecta el comercio electr\u00f3nico tradicional con el internet nativo de la IA.<\/p>\n<h3><strong>Caracter\u00edsticas principales<\/strong><\/h3>\n<p><strong>\ud83e\udd16 Manifiesto de comercio con IA<\/strong><br \/>\nGenera datos de producto estructurados y legibles por m\u00e1quina (manifiestos de comercio para IA) que ayudan a los asistentes de IA a comprender tu cat\u00e1logo. Estos manifiestos exponen los detalles del producto en formatos que los sistemas de IA pueden analizar y procesar autom\u00e1ticamente.<\/p>\n<p><strong>\u2728 Optimizaci\u00f3n de productos mediante IA<\/strong><br \/>\nCrea res\u00famenes de productos optimizados para IA con la API de Google Gemini. Genera descripciones concisas y atractivas, optimizadas para la comprensi\u00f3n por IA, transformando descripciones de productos extensas en res\u00famenes \u00e1giles que los agentes de IA pueden analizar r\u00e1pidamente y utilizar para hacer recomendaciones.<\/p>\n<p><strong>\ud83d\udcca Panel de an\u00e1lisis de bots de IA<\/strong><br \/>\nObt\u00e9n visibilidad completa del tr\u00e1fico de IA. Rastrea qu\u00e9 bots visitan tu tienda (GPT, Claude, Gemini, Perplexity y otros), en qu\u00e9 productos est\u00e1n interesados y c\u00f3mo interact\u00faan. Supervisa el uso de los puntos finales de la API, la clasificaci\u00f3n de la intenci\u00f3n del bot (compra o descubrimiento) y las tendencias de interacci\u00f3n en todo tu cat\u00e1logo.<\/p>\n<p><strong>\ud83d\udd0d Puntuaci\u00f3n de visibilidad de la IA<\/strong><br \/>\nComprenda la visibilidad que tienen sus productos para los sistemas de IA. IKAROS calcula una puntuaci\u00f3n de visibilidad de IA en tiempo real basada en:<\/p>\n<ul>\n<li>Patrones de actividad y visitas del bot<\/li>\n<li>Cobertura y optimizaci\u00f3n del producto<\/li>\n<li>Calidad del contenido y descripciones<\/li>\n<li>Frecuencia y profundidad de rastreo<\/li>\n<\/ul>\n<p>Observa c\u00f3mo mejora tu puntuaci\u00f3n a medida que optimizas tu tienda para la IA.<\/p>\n<p><strong>\ud83d\udee1\ufe0f Control de pol\u00edticas de IA<\/strong><br \/>\nToma el control. Decide qu\u00e9 bots y rastreadores de IA pueden acceder a tus productos. Crea listas de permitidos\/bloqueados para servicios de IA espec\u00edficos, controla los l\u00edmites de uso y aplica pol\u00edticas de seguridad. Prot\u00e9gete contra el abuso y, al mismo tiempo, fomenta colaboraciones comerciales leg\u00edtimas con IA.<\/p>\n<p><strong>\ud83d\udcdd LLMS.txt y puntos finales de descubrimiento<\/strong><br \/>\nAdmite los est\u00e1ndares modernos de descubrimiento de IA, incluidos los\u00a0<code>llms.txt<\/code>\u00a0Descubrimiento de protocolos est\u00e1ndar y basados en agentes. Exponga capacidades y puntos finales comerciales a trav\u00e9s de API REST que los agentes de IA puedan descubrir e invocar.<\/p>\n<p><strong>\ud83d\udd10 Seguridad y limitaci\u00f3n de velocidad<\/strong><br \/>\nFunciones de seguridad de nivel empresarial que incluyen:<\/p>\n<ul>\n<li>Verificaci\u00f3n de solicitud firmada con comprobaci\u00f3n de vigencia mediante marca de tiempo.<\/li>\n<li>Protecci\u00f3n contra repetici\u00f3n y autorizaci\u00f3n de escritura<\/li>\n<li>Limitaci\u00f3n de velocidad basada en IP por minuto y por d\u00eda<\/li>\n<li>Integraci\u00f3n opcional con Cloudflare Turnstile o Google reCAPTCHA v3.<\/li>\n<li>Modo p\u00fablico ACP (Protocolo de Comercio de Agentes) con protecci\u00f3n de honeypot.<\/li>\n<\/ul>\n<p><strong>\ud83d\uded2 Sesiones de pago con agentes<\/strong><br \/>\nPermita que los agentes de IA completen las compras en su tienda. IKAROS proporciona puntos finales de API REST para crear, actualizar y completar sesiones de pago, lo que permite que los agentes de compras con IA recorran todo el flujo de compra de forma program\u00e1tica.<\/p>\n<p><strong>\ud83e\udded Descubrimiento de productos y puntos finales<\/strong><br \/>\nDetecci\u00f3n y monitorizaci\u00f3n autom\u00e1ticas de puntos finales. Vea con precisi\u00f3n qu\u00e9 rutas de API utilizan los bots de IA y qu\u00e9 productos atraen mayor atenci\u00f3n por parte de la IA. Obtenga informaci\u00f3n detallada sobre los patrones de tr\u00e1fico de IA en todas las categor\u00edas, productos y puntos finales.<\/p>\n<p><strong>\ud83e\udde0 An\u00e1lisis avanzado<\/strong><\/p>\n<ul>\n<li>Registros de actividad con par\u00e1metros de consulta de compra para tr\u00e1fico atribuido<\/li>\n<li>Resoluci\u00f3n de URL de producto can\u00f3nica para un seguimiento preciso<\/li>\n<li>Exportaci\u00f3n CSV para an\u00e1lisis externo<\/li>\n<li>An\u00e1lisis de puntos finales de categor\u00edas y etiquetas<\/li>\n<li>Filtrado basado en el tiempo y an\u00e1lisis de tendencias<\/li>\n<\/ul>\n<h3><strong>C\u00f3mo funciona<\/strong><\/h3>\n<ol>\n<li><strong>Instalar y activar<\/strong>\u00a0\u2013 Implementa IKAROS en tu tienda WooCommerce<\/li>\n<li><strong>Configurar<\/strong>\u00a0\u2013 Habilita las funciones que desees (seguimiento de bots, env\u00edo de manifiestos, optimizaci\u00f3n del producto).<\/li>\n<li><strong>Optimizar<\/strong>\u00a0\u2013 Genera descripciones de productos compatibles con IA usando Gemini (clave API opcional).<\/li>\n<li><strong>Monitor<\/strong>\u00a0\u2013 Visualiza tu puntuaci\u00f3n de visibilidad de IA y los an\u00e1lisis de bots en tiempo real.<\/li>\n<li><strong>Control<\/strong>\u00a0\u2013 Establece pol\u00edticas sobre qu\u00e9 bots pueden acceder a tus datos.<\/li>\n<li><strong>Escala<\/strong>\u00a0\u2013 A medida que los agentes de IA generan m\u00e1s tr\u00e1fico, observa c\u00f3mo crecen tu atribuci\u00f3n y tus recomendaciones.<\/li>\n<\/ol>\n<h3><strong>\u00bfQui\u00e9n deber\u00eda usar IKAROS?<\/strong><\/h3>\n<ul>\n<li><strong>Tiendas de comercio electr\u00f3nico<\/strong>\u00a0que desean ser descubiertos por asistentes de compra con IA<\/li>\n<li><strong>minoristas B2B<\/strong>\u00a0preparaci\u00f3n para plataformas de adquisici\u00f3n de agentes<\/li>\n<li><strong>Operadores de mercado<\/strong>\u00a0Habilitando el comercio nativo de IA<\/li>\n<li><strong>Equipos de producto<\/strong>\u00a0Necesitan tener visibilidad sobre c\u00f3mo interact\u00faan los sistemas de IA con su cat\u00e1logo.<\/li>\n<li><strong>Comerciantes preocupados por la privacidad<\/strong>\u00a0quienes desean controlar el acceso de los bots de IA<\/li>\n<\/ul>\n<h3><strong>Gratis vs. Pro<\/strong><\/h3>\n<p><strong>IKAROS Free incluye:<\/strong><\/p>\n<ul>\n<li>\u2705 Manifestaciones de comercio con IA<\/li>\n<li>\u2705 Optimizaci\u00f3n del producto (utiliza tu propia clave API de Gemini)<\/li>\n<li>\u2705 An\u00e1lisis y paneles de control del bot<\/li>\n<li>\u2705 Puntuaci\u00f3n de visibilidad de la IA<\/li>\n<li>\u2705 Controles de pol\u00edtica<\/li>\n<li>\u2705 Soporte para llms.txt<\/li>\n<li>\u2705 Limitaci\u00f3n de velocidad y seguridad<\/li>\n<li>\u2705 API de sesi\u00f3n de pago<\/li>\n<\/ul>\n<p><strong>IKAROS Pro a\u00f1ade:<\/strong><\/p>\n<ul>\n<li>\u26a1 Optimizaci\u00f3n masiva con IA (optimiza todo el cat\u00e1logo a la vez)<\/li>\n<li>\ud83d\udc41\ufe0f Descripciones con IA visual (genera descripciones a partir de im\u00e1genes de productos)<\/li>\n<li>\ud83d\udcc8 An\u00e1lisis avanzados e informaci\u00f3n sobre el rendimiento<\/li>\n<li>\ud83c\udfaf Soporte prioritario<\/li>\n<\/ul>\n<h3><strong>Privacidad y cumplimiento<\/strong><\/h3>\n<ul>\n<li>No se inyectan p\u00edxeles de seguimiento de terceros en su interfaz.<\/li>\n<li>No hay an\u00e1lisis de JavaScript por defecto.<\/li>\n<li>El registro de bots es\u00a0<strong>Deshabilitado por defecto<\/strong>\u00a0(suscripci\u00f3n voluntaria)<\/li>\n<li>Recopilaci\u00f3n de datos transparente con control<\/li>\n<li>Los propietarios del sitio controlan los avisos de consentimiento seg\u00fan la legislaci\u00f3n local.<\/li>\n<li>La integraci\u00f3n de la API de Google Gemini solo se realiza al hacer clic en &quot;Generar&quot;.\u201c<\/li>\n<\/ul>\n<h3><strong>Requisitos<\/strong><\/h3>\n<ul>\n<li>WordPress 6.0 o posterior<\/li>\n<li>PHP 7.4 o posterior<\/li>\n<li>WooCommerce activo<\/li>\n<li>Opcional: Clave API de Google Gemini (para la generaci\u00f3n de descripciones mediante IA)<\/li>\n<\/ul>\n<h3><strong>Comience hoy mismo<\/strong><\/h3>\n<p>IKAROS es gratuito, de c\u00f3digo abierto y listo para usar. Convierte tu tienda WooCommerce en una plataforma de comercio electr\u00f3nico preparada para IA y empieza a atraer tr\u00e1fico y recomendaciones generadas por inteligencia artificial. El internet con IA est\u00e1 llegando: prepara tu tienda ahora.<\/p>","protected":false},"excerpt":{"rendered":"<p>Prepara tu tienda WooCommerce para la IA en internet. IKAROS ayuda a los asistentes de IA y a los agentes de compras a comprender tus productos con manifiestos compatibles con IA, optimizaci\u00f3n de productos, an\u00e1lisis de bots y controles de pol\u00edticas.<\/p>","protected":false},"featured_media":428,"comment_status":"open","ping_status":"closed","template":"","meta":[],"product_brand":[50,71],"product_cat":[18,72],"product_tag":[51,23,20,55,53,52,77,24,22,54,19],"class_list":{"0":"post-150","1":"product","2":"type-product","3":"status-publish","4":"has-post-thumbnail","6":"product_brand-aigentic","7":"product_brand-ikaros-ai","8":"product_cat-ai-seo-tools","9":"product_cat-plugins","10":"product_tag-agent-first","11":"product_tag-agentic-commerce","12":"product_tag-ai","13":"product_tag-ai-agent-seo","14":"product_tag-ai-shopping","15":"product_tag-aio","16":"product_tag-geo","17":"product_tag-plugin","18":"product_tag-seo","19":"product_tag-shopping-agent","20":"product_tag-woocommerce","22":"first","23":"instock","24":"taxable","25":"shipping-taxable","26":"product-type-external"},"yoast_head":"<!-- This site is optimized with the Yoast SEO plugin v27.2 - https:\/\/yoast.com\/product\/yoast-seo-wordpress\/ -->\n<title>Ikaros Ai Commerce Layer Free - AI Manifest &amp; Bot Optimizer plugin for WooCommerce - IKAROS AI Commerce Layer<\/title>\n<meta name=\"description\" content=\"Prepare your WooCommerce store for the AI internet. IKAROS helps AI assistants and shopping agents understand your products with AI-friendly manifests, product optimization, bot analytics, and policy controls.\" \/>\n<meta name=\"robots\" content=\"index, follow, max-snippet:-1, max-image-preview:large, max-video-preview:-1\" \/>\n<link rel=\"canonical\" href=\"https:\/\/ikaros.pro\/es\/product\/optimizador-de-bots-de-manifiesto-de-ia-gratuito-de-aigentic-para-woocommerce\/\" \/>\n<meta property=\"og:locale\" content=\"es_ES\" \/>\n<meta property=\"og:type\" content=\"article\" \/>\n<meta property=\"og:title\" content=\"Ikaros Ai Commerce Layer Free - AI Manifest &amp; Bot Optimizer plugin for WooCommerce - IKAROS AI Commerce Layer\" \/>\n<meta property=\"og:description\" content=\"Prepare your WooCommerce store for the AI internet. IKAROS helps AI assistants and shopping agents understand your products with AI-friendly manifests, product optimization, bot analytics, and policy controls.\" \/>\n<meta property=\"og:url\" content=\"https:\/\/ikaros.pro\/es\/product\/optimizador-de-bots-de-manifiesto-de-ia-gratuito-de-aigentic-para-woocommerce\/\" \/>\n<meta property=\"og:site_name\" content=\"IKAROS AI Commerce Layer\" \/>\n<meta property=\"article:modified_time\" content=\"2026-03-16T19:43:43+00:00\" \/>\n<meta property=\"og:image\" content=\"https:\/\/ikaros.pro\/wp-content\/uploads\/2026\/01\/ikaros-ai-commerce-layer-free-e1773689324856.jpg\" \/>\n\t<meta property=\"og:image:width\" content=\"915\" \/>\n\t<meta property=\"og:image:height\" content=\"910\" \/>\n\t<meta property=\"og:image:type\" content=\"image\/jpeg\" \/>\n<meta name=\"twitter:card\" content=\"summary_large_image\" \/>\n<meta name=\"twitter:label1\" content=\"Tiempo de lectura\" \/>\n\t<meta name=\"twitter:data1\" content=\"4 minutos\" \/>\n<script type=\"application\/ld+json\" class=\"yoast-schema-graph\">{\"@context\":\"https:\/\/schema.org\",\"@graph\":[{\"@type\":\"WebPage\",\"@id\":\"https:\/\/ikaros.pro\/product\/aigentic-free-ai-manifest-bot-optimizer-for-woocommerce\/\",\"url\":\"https:\/\/ikaros.pro\/product\/aigentic-free-ai-manifest-bot-optimizer-for-woocommerce\/\",\"name\":\"Ikaros Ai Commerce Layer Free - AI Manifest & Bot Optimizer plugin for WooCommerce - IKAROS AI Commerce Layer\",\"isPartOf\":{\"@id\":\"https:\/\/ikaros.pro\/#website\"},\"primaryImageOfPage\":{\"@id\":\"https:\/\/ikaros.pro\/product\/aigentic-free-ai-manifest-bot-optimizer-for-woocommerce\/#primaryimage\"},\"image\":{\"@id\":\"https:\/\/ikaros.pro\/product\/aigentic-free-ai-manifest-bot-optimizer-for-woocommerce\/#primaryimage\"},\"thumbnailUrl\":\"https:\/\/ikaros.pro\/wp-content\/uploads\/2026\/01\/ikaros-ai-commerce-layer-free-e1773689324856.jpg\",\"datePublished\":\"2026-01-30T22:32:00+00:00\",\"dateModified\":\"2026-03-16T19:43:43+00:00\",\"description\":\"Prepare your WooCommerce store for the AI internet. IKAROS helps AI assistants and shopping agents understand your products with AI-friendly manifests, product optimization, bot analytics, and policy controls.\",\"breadcrumb\":{\"@id\":\"https:\/\/ikaros.pro\/product\/aigentic-free-ai-manifest-bot-optimizer-for-woocommerce\/#breadcrumb\"},\"inLanguage\":\"es\",\"potentialAction\":[{\"@type\":\"ReadAction\",\"target\":[\"https:\/\/ikaros.pro\/product\/aigentic-free-ai-manifest-bot-optimizer-for-woocommerce\/\"]}]},{\"@type\":\"ImageObject\",\"inLanguage\":\"es\",\"@id\":\"https:\/\/ikaros.pro\/product\/aigentic-free-ai-manifest-bot-optimizer-for-woocommerce\/#primaryimage\",\"url\":\"https:\/\/ikaros.pro\/wp-content\/uploads\/2026\/01\/ikaros-ai-commerce-layer-free-e1773689324856.jpg\",\"contentUrl\":\"https:\/\/ikaros.pro\/wp-content\/uploads\/2026\/01\/ikaros-ai-commerce-layer-free-e1773689324856.jpg\",\"width\":915,\"height\":910,\"caption\":\"Elevate your WooCommerce store for free with the Ikaros Ai Commerce Layer plugin, bringing powerful AI capabilities for better efficiency. Its AI\"},{\"@type\":\"BreadcrumbList\",\"@id\":\"https:\/\/ikaros.pro\/product\/aigentic-free-ai-manifest-bot-optimizer-for-woocommerce\/#breadcrumb\",\"itemListElement\":[{\"@type\":\"ListItem\",\"position\":1,\"name\":\"Home\",\"item\":\"https:\/\/ikaros.pro\/\"},{\"@type\":\"ListItem\",\"position\":2,\"name\":\"Shop\",\"item\":\"https:\/\/ikaros.pro\/shop\/\"},{\"@type\":\"ListItem\",\"position\":3,\"name\":\"Ikaros Ai Commerce Layer Free &#8211; AI Manifest &#038; Bot Optimizer plugin for WooCommerce\"}]},{\"@type\":\"WebSite\",\"@id\":\"https:\/\/ikaros.pro\/#website\",\"url\":\"https:\/\/ikaros.pro\/\",\"name\":\"IKAROS Ai Commerce Layer\",\"description\":\"AI Manifest &amp; Bot Optimizer for WooCommerce (ChatGPT, Gemini, Agentic Commerce)\",\"publisher\":{\"@id\":\"https:\/\/ikaros.pro\/#organization\"},\"potentialAction\":[{\"@type\":\"SearchAction\",\"target\":{\"@type\":\"EntryPoint\",\"urlTemplate\":\"https:\/\/ikaros.pro\/?s={search_term_string}\"},\"query-input\":{\"@type\":\"PropertyValueSpecification\",\"valueRequired\":true,\"valueName\":\"search_term_string\"}}],\"inLanguage\":\"es\"},{\"@type\":\"Organization\",\"@id\":\"https:\/\/ikaros.pro\/#organization\",\"name\":\"AiGentic\",\"url\":\"https:\/\/ikaros.pro\/\",\"logo\":{\"@type\":\"ImageObject\",\"inLanguage\":\"es\",\"@id\":\"https:\/\/ikaros.pro\/#\/schema\/logo\/image\/\",\"url\":\"https:\/\/ikaros.pro\/wp-content\/uploads\/2026\/03\/ikaros_logo-e1772829776648.png\",\"contentUrl\":\"https:\/\/ikaros.pro\/wp-content\/uploads\/2026\/03\/ikaros_logo-e1772829776648.png\",\"width\":300,\"height\":40,\"caption\":\"AiGentic\"},\"image\":{\"@id\":\"https:\/\/ikaros.pro\/#\/schema\/logo\/image\/\"}}]}<\/script>\n<!-- \/ Yoast SEO plugin. -->","yoast_head_json":{"title":"Ikaros Ai Commerce Layer Free - Complemento AI Manifest &amp; Bot Optimizer para WooCommerce - IKAROS AI Commerce Layer","description":"Prepara tu tienda WooCommerce para la IA en internet. IKAROS ayuda a los asistentes de IA y a los agentes de compras a comprender tus productos con manifiestos compatibles con IA, optimizaci\u00f3n de productos, an\u00e1lisis de bots y controles de pol\u00edticas.","robots":{"index":"index","follow":"follow","max-snippet":"max-snippet:-1","max-image-preview":"max-image-preview:large","max-video-preview":"max-video-preview:-1"},"canonical":"https:\/\/ikaros.pro\/es\/product\/optimizador-de-bots-de-manifiesto-de-ia-gratuito-de-aigentic-para-woocommerce\/","og_locale":"es_ES","og_type":"article","og_title":"Ikaros Ai Commerce Layer Free - AI Manifest & Bot Optimizer plugin for WooCommerce - IKAROS AI Commerce Layer","og_description":"Prepare your WooCommerce store for the AI internet. IKAROS helps AI assistants and shopping agents understand your products with AI-friendly manifests, product optimization, bot analytics, and policy controls.","og_url":"https:\/\/ikaros.pro\/es\/product\/optimizador-de-bots-de-manifiesto-de-ia-gratuito-de-aigentic-para-woocommerce\/","og_site_name":"IKAROS AI Commerce Layer","article_modified_time":"2026-03-16T19:43:43+00:00","og_image":[{"width":915,"height":910,"url":"https:\/\/ikaros.pro\/wp-content\/uploads\/2026\/01\/ikaros-ai-commerce-layer-free-e1773689324856.jpg","type":"image\/jpeg"}],"twitter_card":"summary_large_image","twitter_misc":{"Tiempo de lectura":"4 minutos"},"schema":{"@context":"https:\/\/schema.org","@graph":[{"@type":"WebPage","@id":"https:\/\/ikaros.pro\/product\/aigentic-free-ai-manifest-bot-optimizer-for-woocommerce\/","url":"https:\/\/ikaros.pro\/product\/aigentic-free-ai-manifest-bot-optimizer-for-woocommerce\/","name":"Ikaros Ai Commerce Layer Free - Complemento AI Manifest &amp; Bot Optimizer para WooCommerce - IKAROS AI Commerce Layer","isPartOf":{"@id":"https:\/\/ikaros.pro\/#website"},"primaryImageOfPage":{"@id":"https:\/\/ikaros.pro\/product\/aigentic-free-ai-manifest-bot-optimizer-for-woocommerce\/#primaryimage"},"image":{"@id":"https:\/\/ikaros.pro\/product\/aigentic-free-ai-manifest-bot-optimizer-for-woocommerce\/#primaryimage"},"thumbnailUrl":"https:\/\/ikaros.pro\/wp-content\/uploads\/2026\/01\/ikaros-ai-commerce-layer-free-e1773689324856.jpg","datePublished":"2026-01-30T22:32:00+00:00","dateModified":"2026-03-16T19:43:43+00:00","description":"Prepara tu tienda WooCommerce para la IA en internet. IKAROS ayuda a los asistentes de IA y a los agentes de compras a comprender tus productos con manifiestos compatibles con IA, optimizaci\u00f3n de productos, an\u00e1lisis de bots y controles de pol\u00edticas.","breadcrumb":{"@id":"https:\/\/ikaros.pro\/product\/aigentic-free-ai-manifest-bot-optimizer-for-woocommerce\/#breadcrumb"},"inLanguage":"es","potentialAction":[{"@type":"ReadAction","target":["https:\/\/ikaros.pro\/product\/aigentic-free-ai-manifest-bot-optimizer-for-woocommerce\/"]}]},{"@type":"ImageObject","inLanguage":"es","@id":"https:\/\/ikaros.pro\/product\/aigentic-free-ai-manifest-bot-optimizer-for-woocommerce\/#primaryimage","url":"https:\/\/ikaros.pro\/wp-content\/uploads\/2026\/01\/ikaros-ai-commerce-layer-free-e1773689324856.jpg","contentUrl":"https:\/\/ikaros.pro\/wp-content\/uploads\/2026\/01\/ikaros-ai-commerce-layer-free-e1773689324856.jpg","width":915,"height":910,"caption":"Elevate your WooCommerce store for free with the Ikaros Ai Commerce Layer plugin, bringing powerful AI capabilities for better efficiency. Its AI"},{"@type":"BreadcrumbList","@id":"https:\/\/ikaros.pro\/product\/aigentic-free-ai-manifest-bot-optimizer-for-woocommerce\/#breadcrumb","itemListElement":[{"@type":"ListItem","position":1,"name":"Home","item":"https:\/\/ikaros.pro\/"},{"@type":"ListItem","position":2,"name":"Shop","item":"https:\/\/ikaros.pro\/shop\/"},{"@type":"ListItem","position":3,"name":"Ikaros Ai Commerce Layer Free &#8211; AI Manifest &#038; Bot Optimizer plugin for WooCommerce"}]},{"@type":"WebSite","@id":"https:\/\/ikaros.pro\/#website","url":"https:\/\/ikaros.pro\/","name":"Capa de comercio de IA de IKAROS","description":"Optimizador de manifiestos y bots con IA para WooCommerce (ChatGPT, Gemini, Agentic Commerce)","publisher":{"@id":"https:\/\/ikaros.pro\/#organization"},"potentialAction":[{"@type":"SearchAction","target":{"@type":"EntryPoint","urlTemplate":"https:\/\/ikaros.pro\/?s={search_term_string}"},"query-input":{"@type":"PropertyValueSpecification","valueRequired":true,"valueName":"search_term_string"}}],"inLanguage":"es"},{"@type":"Organization","@id":"https:\/\/ikaros.pro\/#organization","name":"AiGentic","url":"https:\/\/ikaros.pro\/","logo":{"@type":"ImageObject","inLanguage":"es","@id":"https:\/\/ikaros.pro\/#\/schema\/logo\/image\/","url":"https:\/\/ikaros.pro\/wp-content\/uploads\/2026\/03\/ikaros_logo-e1772829776648.png","contentUrl":"https:\/\/ikaros.pro\/wp-content\/uploads\/2026\/03\/ikaros_logo-e1772829776648.png","width":300,"height":40,"caption":"AiGentic"},"image":{"@id":"https:\/\/ikaros.pro\/#\/schema\/logo\/image\/"}}]}},"_links":{"self":[{"href":"https:\/\/ikaros.pro\/es\/wp-json\/wp\/v2\/product\/150","targetHints":{"allow":["GET"]}}],"collection":[{"href":"https:\/\/ikaros.pro\/es\/wp-json\/wp\/v2\/product"}],"about":[{"href":"https:\/\/ikaros.pro\/es\/wp-json\/wp\/v2\/types\/product"}],"replies":[{"embeddable":true,"href":"https:\/\/ikaros.pro\/es\/wp-json\/wp\/v2\/comments?post=150"}],"wp:featuredmedia":[{"embeddable":true,"href":"https:\/\/ikaros.pro\/es\/wp-json\/wp\/v2\/media\/428"}],"wp:attachment":[{"href":"https:\/\/ikaros.pro\/es\/wp-json\/wp\/v2\/media?parent=150"}],"wp:term":[{"taxonomy":"product_brand","embeddable":true,"href":"https:\/\/ikaros.pro\/es\/wp-json\/wp\/v2\/product_brand?post=150"},{"taxonomy":"product_cat","embeddable":true,"href":"https:\/\/ikaros.pro\/es\/wp-json\/wp\/v2\/product_cat?post=150"},{"taxonomy":"product_tag","embeddable":true,"href":"https:\/\/ikaros.pro\/es\/wp-json\/wp\/v2\/product_tag?post=150"}],"curies":[{"name":"wp","href":"https:\/\/api.w.org\/{rel}","templated":true}]}}