{"id":68,"date":"2026-01-29T12:15:11","date_gmt":"2026-01-29T12:15:11","guid":{"rendered":"https:\/\/ikaros.pro\/?page_id=68"},"modified":"2026-01-31T04:34:43","modified_gmt":"2026-01-31T04:34:43","slug":"documents","status":"publish","type":"page","link":"https:\/\/ikaros.pro\/fr\/documents\/","title":{"rendered":"Manuel d&#039;utilisation d&#039;Aigentic"},"content":{"rendered":"<h1 class=\"wp-block-heading\">Premiers pas avec Aigentic AI<\/h1>\r\n\r\n\r\n\r\n<p>Bienvenue sur Aigentic ! Ce guide vous aidera \u00e0 transformer votre boutique WooCommerce en une plateforme performante et pr\u00eate pour les agents gr\u00e2ce \u00e0 l&#039;IA de Google Gemini.<\/p>\r\n\r\n\r\n\r\n<h2 class=\"wp-block-heading\">1. Installation<\/h2>\r\n\r\n\r\n\r\n<h3 class=\"wp-block-heading\"><strong>\u00c9tape A : Installer le plugin Foundation (plugin gratuit)<\/strong><\/h3>\r\n\r\n\r\n\r\n<ol class=\"wp-block-list\" start=\"1\">\r\n<li>T\u00e9l\u00e9chargez le <strong>IA g\u00e9n\u00e9tique<\/strong> (Plugin gratuit).<\/li>\r\n\r\n\r\n\r\n<li>Acc\u00e9dez \u00e0 votre tableau de bord WordPress \u2192 <strong>Plugins<\/strong> \u2192 <strong>Ajouter un nouveau<\/strong>.<\/li>\r\n\r\n\r\n\r\n<li>Cliquez <strong>Module de t\u00e9l\u00e9chargement<\/strong> et s\u00e9lectionnez <code>aigentic.zip<\/code>.<\/li>\r\n\r\n\r\n\r\n<li>Cliquez <strong>Activer<\/strong>.<\/li>\r\n<\/ol>\r\n\r\n\r\n\r\n<h3 class=\"wp-block-heading\"><strong>\u00c9tape B : Installer le module compl\u00e9mentaire Pro<\/strong><\/h3>\r\n\r\n\r\n\r\n<ol class=\"wp-block-list\" start=\"1\">\r\n<li>T\u00e9l\u00e9chargez le <strong>Aigentic Pro<\/strong> plugin figurant dans votre e-mail d&#039;achat.<\/li>\r\n\r\n\r\n\r\n<li>Allez \u00e0 <strong>Plugins<\/strong> \u2192 <strong>Ajouter un nouveau<\/strong>.<\/li>\r\n\r\n\r\n\r\n<li>T\u00e9l\u00e9charger <code>aigentic-pro.zip<\/code> et cliquez <strong>Activer<\/strong>.<\/li>\r\n<\/ol>\r\n\r\n\r\n<hr class=\"wp-block-separator has-alpha-channel-opacity\" \/>\r\n\r\n\r\n<h2 class=\"wp-block-heading\">2. Activation de votre licence<\/h2>\r\n\r\n\r\n\r\n<p><em>D\u00e9bloque les outils Vision AI et Bulk.<\/em><\/p>\r\n\r\n\r\n\r\n<ol class=\"wp-block-list\" start=\"1\">\r\n<li>Naviguer vers <strong>IA g\u00e9n\u00e9tique<\/strong> dans la barre lat\u00e9rale de votre WordPress.<\/li>\r\n\r\n\r\n\r\n<li>Cherchez le <strong>\u201c Activation de la licence Pro \u201d<\/strong> case (g\u00e9n\u00e9ralement \u00e0 droite ou en bas).<\/li>\r\n\r\n\r\n\r\n<li>Saisissez la cl\u00e9 de licence que vous avez re\u00e7ue par e-mail (par exemple, <code>AIG-1A2B3C...<\/code>).<\/li>\r\n\r\n\r\n\r\n<li>Cliquez <strong>Activer la licence<\/strong>.<\/li>\r\n\r\n\r\n\r\n<li>Vous devriez voir un message vert\u00a0: <strong>\u201c \u2705 Licence active \u201d<\/strong>.<\/li>\r\n<\/ol>\r\n\r\n\r\n<hr class=\"wp-block-separator has-alpha-channel-opacity\" \/>\r\n\r\n\r\n<h2 class=\"wp-block-heading\">3. Obtenir votre cl\u00e9 API Google Gemini<\/h2>\r\n\r\n\r\n\r\n<p><em>Cela est n\u00e9cessaire pour que l&#039;IA puisse \u201c voir \u201d et \u201c \u00e9crire \u201d des descriptions.<\/em><\/p>\r\n\r\n\r\n\r\n<p>Aigentic utilise votre propre compte Google Cloud, qui offre un espace g\u00e9n\u00e9reux <strong>Niveau gratuit<\/strong> (actuellement gratuit pour une utilisation de base).<\/p>\r\n\r\n\r\n\r\n<ol class=\"wp-block-list\" start=\"1\">\r\n<li>Allez \u00e0 <a href=\"https:\/\/aistudio.google.com\/app\/apikey\" target=\"_blank\" rel=\"noreferrer noopener\">Google AI Studio (Obtenir une cl\u00e9 API)<\/a>.<\/li>\r\n\r\n\r\n\r\n<li>Cliquez <strong>\u201c Cr\u00e9er une cl\u00e9 API \u201d<\/strong>.<\/li>\r\n\r\n\r\n\r\n<li>S\u00e9lectionnez votre projet Google Cloud (ou cr\u00e9ez-en un nouveau).<\/li>\r\n\r\n\r\n\r\n<li>Copiez la longue cha\u00eene (commence par <code>AIza...<\/code>).<\/li>\r\n\r\n\r\n\r\n<li>Retournez \u00e0 votre tableau de bord WordPress \u2192 <strong>IA g\u00e9n\u00e9tique<\/strong>.<\/li>\r\n\r\n\r\n\r\n<li>Collez la cl\u00e9 dans le <strong>\u201c Cl\u00e9 API Google Gemini \u201d<\/strong> champ.<\/li>\r\n\r\n\r\n\r\n<li>Cliquez <strong>Enregistrer et tester<\/strong>.<\/li>\r\n<\/ol>\r\n\r\n\r\n\r\n<blockquote class=\"wp-block-quote is-layout-flow wp-block-quote-is-layout-flow\">\r\n<p><strong>Note:<\/strong> Si le test \u00e9choue, assurez-vous d&#039;avoir activ\u00e9 l&#039;\u201c API de langage g\u00e9n\u00e9ratif \u201d dans votre console Google Cloud.<\/p>\r\n<\/blockquote>\r\n\r\n\r\n<hr class=\"wp-block-separator has-alpha-channel-opacity\" \/>\r\n\r\n\r\n<h2 class=\"wp-block-heading\">4. Comment utiliser Vision AI (produit unique)<\/h2>\r\n\r\n\r\n\r\n<p><em>Laissez l&#039;IA analyser l&#039;image de votre produit et r\u00e9diger une description.<\/em><\/p>\r\n\r\n\r\n\r\n<ol class=\"wp-block-list\" start=\"1\">\r\n<li>Allez \u00e0 <strong>Produits<\/strong> et cliquez sur n&#039;importe quel produit pour le modifier.<\/li>\r\n\r\n\r\n\r\n<li>Faites d\u00e9filer vers le bas jusqu&#039;\u00e0 la section <strong>\u201c IA ag\u00e9n\u00e9tique \u201d<\/strong> onglet (g\u00e9n\u00e9ralement dans la section Donn\u00e9es produit).<\/li>\r\n\r\n\r\n\r\n<li>Assurez-vous que votre produit poss\u00e8de un <strong>Image principale<\/strong> ensemble.<\/li>\r\n\r\n\r\n\r\n<li>Cliquez <strong>\u201c G\u00e9n\u00e9rer avec Vision AI \u201d<\/strong>.<\/li>\r\n\r\n\r\n\r\n<li>Patientez 3 \u00e0 5 secondes. L&#039;IA analysera les mat\u00e9riaux, les couleurs et le contexte de l&#039;image.<\/li>\r\n\r\n\r\n\r\n<li>Le <strong>R\u00e9sum\u00e9 du contexte de l&#039;IA<\/strong> Le champ sera automatiquement rempli avec une description d\u00e9taill\u00e9e.<\/li>\r\n\r\n\r\n\r\n<li><strong>Mise \u00e0 jour\/Sauvegarde<\/strong> le produit.<\/li>\r\n<\/ol>\r\n\r\n\r\n\r\n<p><em>Cette description est d\u00e9sormais invisible aux humains, mais visible aux robots d&#039;achat IA via le <code>contexte de l&#039;IA<\/code> balise m\u00e9ta.<\/em><\/p>\r\n\r\n\r\n<hr class=\"wp-block-separator has-alpha-channel-opacity\" \/>\r\n\r\n\r\n<h2 class=\"wp-block-heading\">5. Comment utiliser Bulk Optimizer<\/h2>\r\n\r\n\r\n\r\n<p><em>Traitez l&#039;int\u00e9gralit\u00e9 de votre catalogue en arri\u00e8re-plan.<\/em><\/p>\r\n\r\n\r\n\r\n<ol class=\"wp-block-list\" start=\"1\">\r\n<li>Allez \u00e0 <strong>IA g\u00e9n\u00e9tique<\/strong> \u2192 <strong>Optimiseur de masse<\/strong>.<\/li>\r\n\r\n\r\n\r\n<li>S\u00e9lectionnez d&#039;abord votre langue cible (par exemple, n\u00e9erlandais, anglais, fran\u00e7ais) dans les param\u00e8tres principaux.<\/li>\r\n\r\n\r\n\r\n<li>Cliquez <strong>D\u00e9marrer l&#039;optimisation<\/strong>.<\/li>\r\n\r\n\r\n\r\n<li>La barre de progression affichera l&#039;\u00e9tat d&#039;avancement.\r\n<ul class=\"wp-block-list\">\r\n<li><em>Remarque : Afin d&#039;\u00e9viter les pannes de serveur, l&#039;outil de traitement par lots traite les produits un par un.<\/em><\/li>\r\n<\/ul>\r\n<\/li>\r\n\r\n\r\n\r\n<li>Ne fermez pas l&#039;onglet tant que la barre de progression n&#039;a pas atteint 100%.<\/li>\r\n<\/ol>","protected":false},"excerpt":{"rendered":"<p>Getting Started with Aigentic AI Welcome to Aigentic! This guide will help you transform your WooCommerce store into an Agent-Ready powerhouse using Google Gemini AI. 1. Installation Step A: Install the Foundation (Free Plugin) Step B: Install the Pro Add-On 2. Activating Your License Unlocks Vision AI &amp; Bulk Tools. 3. Getting Your Google Gemini [&hellip;]<\/p>\n","protected":false},"author":1,"featured_media":0,"parent":0,"menu_order":0,"comment_status":"closed","ping_status":"closed","template":"","meta":{"footnotes":""},"class_list":["post-68","page","type-page","status-publish","hentry"],"yoast_head":"<!-- This site is optimized with the Yoast SEO plugin v27.2 - https:\/\/yoast.com\/product\/yoast-seo-wordpress\/ -->\n<title>Aigentic User Manual - IKAROS AI Commerce Layer<\/title>\n<meta name=\"robots\" content=\"index, follow, max-snippet:-1, max-image-preview:large, max-video-preview:-1\" \/>\n<link rel=\"canonical\" href=\"https:\/\/ikaros.pro\/fr\/documents\/\" \/>\n<meta property=\"og:locale\" content=\"fr_FR\" \/>\n<meta property=\"og:type\" content=\"article\" \/>\n<meta property=\"og:title\" content=\"Aigentic User Manual - IKAROS AI Commerce Layer\" \/>\n<meta property=\"og:description\" content=\"Getting Started with Aigentic AI Welcome to Aigentic! This guide will help you transform your WooCommerce store into an Agent-Ready powerhouse using Google Gemini AI. 1. Installation Step A: Install the Foundation (Free Plugin) Step B: Install the Pro Add-On 2. Activating Your License Unlocks Vision AI &amp; Bulk Tools. 3. Getting Your Google Gemini [&hellip;]\" \/>\n<meta property=\"og:url\" content=\"https:\/\/ikaros.pro\/fr\/documents\/\" \/>\n<meta property=\"og:site_name\" content=\"IKAROS AI Commerce Layer\" \/>\n<meta property=\"article:modified_time\" content=\"2026-01-31T04:34:43+00:00\" \/>\n<meta property=\"og:image\" content=\"https:\/\/ikaros.pro\/wp-content\/uploads\/2026\/01\/Gemini_Generated_Image_fsfnu9fsfnu9fsfn-removebg-preview-1.png\" \/>\n\t<meta property=\"og:image:width\" content=\"500\" \/>\n\t<meta property=\"og:image:height\" content=\"500\" \/>\n\t<meta property=\"og:image:type\" content=\"image\/png\" \/>\n<meta name=\"twitter:card\" content=\"summary_large_image\" \/>\n<meta name=\"twitter:label1\" content=\"Dur\u00e9e de lecture est.\" \/>\n\t<meta name=\"twitter:data1\" content=\"2 minutes\" \/>\n<script type=\"application\/ld+json\" class=\"yoast-schema-graph\">{\"@context\":\"https:\/\/schema.org\",\"@graph\":[{\"@type\":\"WebPage\",\"@id\":\"https:\/\/ikaros.pro\/docs\/\",\"url\":\"https:\/\/ikaros.pro\/docs\/\",\"name\":\"Aigentic User Manual - IKAROS AI Commerce Layer\",\"isPartOf\":{\"@id\":\"https:\/\/ikaros.pro\/#website\"},\"datePublished\":\"2026-01-29T12:15:11+00:00\",\"dateModified\":\"2026-01-31T04:34:43+00:00\",\"breadcrumb\":{\"@id\":\"https:\/\/ikaros.pro\/docs\/#breadcrumb\"},\"inLanguage\":\"fr-BE\",\"potentialAction\":[{\"@type\":\"ReadAction\",\"target\":[\"https:\/\/ikaros.pro\/docs\/\"]}]},{\"@type\":\"BreadcrumbList\",\"@id\":\"https:\/\/ikaros.pro\/docs\/#breadcrumb\",\"itemListElement\":[{\"@type\":\"ListItem\",\"position\":1,\"name\":\"Home\",\"item\":\"https:\/\/ikaros.pro\/\"},{\"@type\":\"ListItem\",\"position\":2,\"name\":\"Aigentic User Manual\"}]},{\"@type\":\"WebSite\",\"@id\":\"https:\/\/ikaros.pro\/#website\",\"url\":\"https:\/\/ikaros.pro\/\",\"name\":\"IKAROS Ai Commerce Layer\",\"description\":\"AI Manifest &amp; Bot Optimizer for WooCommerce (ChatGPT, Gemini, Agentic Commerce)\",\"publisher\":{\"@id\":\"https:\/\/ikaros.pro\/#organization\"},\"potentialAction\":[{\"@type\":\"SearchAction\",\"target\":{\"@type\":\"EntryPoint\",\"urlTemplate\":\"https:\/\/ikaros.pro\/?s={search_term_string}\"},\"query-input\":{\"@type\":\"PropertyValueSpecification\",\"valueRequired\":true,\"valueName\":\"search_term_string\"}}],\"inLanguage\":\"fr-BE\"},{\"@type\":\"Organization\",\"@id\":\"https:\/\/ikaros.pro\/#organization\",\"name\":\"AiGentic\",\"url\":\"https:\/\/ikaros.pro\/\",\"logo\":{\"@type\":\"ImageObject\",\"inLanguage\":\"fr-BE\",\"@id\":\"https:\/\/ikaros.pro\/#\/schema\/logo\/image\/\",\"url\":\"https:\/\/ikaros.pro\/wp-content\/uploads\/2026\/03\/ikaros_logo-e1772829776648.png\",\"contentUrl\":\"https:\/\/ikaros.pro\/wp-content\/uploads\/2026\/03\/ikaros_logo-e1772829776648.png\",\"width\":300,\"height\":40,\"caption\":\"AiGentic\"},\"image\":{\"@id\":\"https:\/\/ikaros.pro\/#\/schema\/logo\/image\/\"}}]}<\/script>\n<!-- \/ Yoast SEO plugin. -->","yoast_head_json":{"title":"Manuel d&#039;utilisation d&#039;Aigentic - Couche de commerce IA IKAROS","robots":{"index":"index","follow":"follow","max-snippet":"max-snippet:-1","max-image-preview":"max-image-preview:large","max-video-preview":"max-video-preview:-1"},"canonical":"https:\/\/ikaros.pro\/fr\/documents\/","og_locale":"fr_FR","og_type":"article","og_title":"Aigentic User Manual - IKAROS AI Commerce Layer","og_description":"Getting Started with Aigentic AI Welcome to Aigentic! This guide will help you transform your WooCommerce store into an Agent-Ready powerhouse using Google Gemini AI. 1. Installation Step A: Install the Foundation (Free Plugin) Step B: Install the Pro Add-On 2. Activating Your License Unlocks Vision AI &amp; Bulk Tools. 3. Getting Your Google Gemini [&hellip;]","og_url":"https:\/\/ikaros.pro\/fr\/documents\/","og_site_name":"IKAROS AI Commerce Layer","article_modified_time":"2026-01-31T04:34:43+00:00","og_image":[{"width":500,"height":500,"url":"https:\/\/ikaros.pro\/wp-content\/uploads\/2026\/01\/Gemini_Generated_Image_fsfnu9fsfnu9fsfn-removebg-preview-1.png","type":"image\/png"}],"twitter_card":"summary_large_image","twitter_misc":{"Dur\u00e9e de lecture est.":"2 minutes"},"schema":{"@context":"https:\/\/schema.org","@graph":[{"@type":"WebPage","@id":"https:\/\/ikaros.pro\/docs\/","url":"https:\/\/ikaros.pro\/docs\/","name":"Manuel d&#039;utilisation d&#039;Aigentic - Couche de commerce IA IKAROS","isPartOf":{"@id":"https:\/\/ikaros.pro\/#website"},"datePublished":"2026-01-29T12:15:11+00:00","dateModified":"2026-01-31T04:34:43+00:00","breadcrumb":{"@id":"https:\/\/ikaros.pro\/docs\/#breadcrumb"},"inLanguage":"fr-BE","potentialAction":[{"@type":"ReadAction","target":["https:\/\/ikaros.pro\/docs\/"]}]},{"@type":"BreadcrumbList","@id":"https:\/\/ikaros.pro\/docs\/#breadcrumb","itemListElement":[{"@type":"ListItem","position":1,"name":"Home","item":"https:\/\/ikaros.pro\/"},{"@type":"ListItem","position":2,"name":"Aigentic User Manual"}]},{"@type":"WebSite","@id":"https:\/\/ikaros.pro\/#website","url":"https:\/\/ikaros.pro\/","name":"Couche de commerce IKAROS Ai","description":"Manifeste IA et optimiseur de bots pour WooCommerce (ChatGPT, Gemini, Agentic Commerce)","publisher":{"@id":"https:\/\/ikaros.pro\/#organization"},"potentialAction":[{"@type":"SearchAction","target":{"@type":"EntryPoint","urlTemplate":"https:\/\/ikaros.pro\/?s={search_term_string}"},"query-input":{"@type":"PropertyValueSpecification","valueRequired":true,"valueName":"search_term_string"}}],"inLanguage":"fr-BE"},{"@type":"Organization","@id":"https:\/\/ikaros.pro\/#organization","name":"AiGentic","url":"https:\/\/ikaros.pro\/","logo":{"@type":"ImageObject","inLanguage":"fr-BE","@id":"https:\/\/ikaros.pro\/#\/schema\/logo\/image\/","url":"https:\/\/ikaros.pro\/wp-content\/uploads\/2026\/03\/ikaros_logo-e1772829776648.png","contentUrl":"https:\/\/ikaros.pro\/wp-content\/uploads\/2026\/03\/ikaros_logo-e1772829776648.png","width":300,"height":40,"caption":"AiGentic"},"image":{"@id":"https:\/\/ikaros.pro\/#\/schema\/logo\/image\/"}}]}},"_links":{"self":[{"href":"https:\/\/ikaros.pro\/fr\/wp-json\/wp\/v2\/pages\/68","targetHints":{"allow":["GET"]}}],"collection":[{"href":"https:\/\/ikaros.pro\/fr\/wp-json\/wp\/v2\/pages"}],"about":[{"href":"https:\/\/ikaros.pro\/fr\/wp-json\/wp\/v2\/types\/page"}],"author":[{"embeddable":true,"href":"https:\/\/ikaros.pro\/fr\/wp-json\/wp\/v2\/users\/1"}],"replies":[{"embeddable":true,"href":"https:\/\/ikaros.pro\/fr\/wp-json\/wp\/v2\/comments?post=68"}],"version-history":[{"count":3,"href":"https:\/\/ikaros.pro\/fr\/wp-json\/wp\/v2\/pages\/68\/revisions"}],"predecessor-version":[{"id":277,"href":"https:\/\/ikaros.pro\/fr\/wp-json\/wp\/v2\/pages\/68\/revisions\/277"}],"wp:attachment":[{"href":"https:\/\/ikaros.pro\/fr\/wp-json\/wp\/v2\/media?parent=68"}],"curies":[{"name":"wp","href":"https:\/\/api.w.org\/{rel}","templated":true}]}}