{"id":150,"date":"2026-01-30T22:32:00","date_gmt":"2026-01-30T22:32:00","guid":{"rendered":"https:\/\/ikaros.pro\/?post_type=product&#038;p=150"},"modified":"2026-03-16T19:43:43","modified_gmt":"2026-03-16T19:43:43","slug":"aigentic-bot-doptimisation-de-manifeste-ia-gratuit-pour-woocommerce","status":"publish","type":"product","link":"https:\/\/ikaros.pro\/fr\/product\/aigentic-bot-doptimisation-de-manifeste-ia-gratuit-pour-woocommerce\/","title":{"rendered":"Ikaros Ai Commerce Layer Free \u2013 Plugin AI Manifest &amp; Bot Optimizer pour WooCommerce"},"content":{"rendered":"<h3><strong>Ma\u00eetrisez votre avenir commercial IA avec IKAROS<\/strong><\/h3>\n<p>\u00c0 l&#039;heure o\u00f9 les agents IA et les assistants d&#039;achat deviennent les principaux canaux de d\u00e9couverte, IKAROS constitue l&#039;infrastructure indispensable au succ\u00e8s de votre boutique WooCommerce. Ne vous cachez plus de l&#039;IA\u00a0: pr\u00e9parez activement vos produits pour qu&#039;ils soient d\u00e9couverts et recommand\u00e9s par l&#039;intelligence artificielle.<\/p>\n<h3><strong>Qu&#039;est-ce qu&#039;IKAROS ?<\/strong><\/h3>\n<p>IKAROS est une extension WooCommerce gratuite et open source qui transforme votre boutique en une plateforme e-commerce compatible avec l&#039;IA. Elle g\u00e9n\u00e8re des donn\u00e9es produits exploitables par machine, met en place des points d&#039;acc\u00e8s pour la d\u00e9couverte de produits et fournit des informations d\u00e9taill\u00e9es sur la mani\u00e8re dont les robots d&#039;exploration et les crawlers d&#039;IA interagissent avec votre contenu. Que vous optimisiez votre boutique pour les agents d&#039;achat IA, les robots d&#039;exploration des moteurs de recherche ou les futurs protocoles d&#039;agents, IKAROS fait le lien entre le e-commerce traditionnel et l&#039;internet natif de l&#039;IA.<\/p>\n<h3><strong>Fonctionnalit\u00e9s principales<\/strong><\/h3>\n<p><strong>\ud83e\udd16 Manifeste du commerce IA<\/strong><br \/>\nG\u00e9n\u00e9rez des donn\u00e9es produits structur\u00e9es et lisibles par machine (manifestes de commerce IA) qui aident les assistants IA \u00e0 comprendre votre catalogue. Ces manifestes exposent les d\u00e9tails des produits dans des formats que les syst\u00e8mes d&#039;IA peuvent analyser et exploiter automatiquement.<\/p>\n<p><strong>\u2728 Optimisation des produits par l&#039;IA<\/strong><br \/>\nCr\u00e9ez des r\u00e9sum\u00e9s de produits optimis\u00e9s pour l&#039;IA gr\u00e2ce \u00e0 l&#039;API Google Gemini. G\u00e9n\u00e9rez des descriptions concises et percutantes, optimis\u00e9es pour la compr\u00e9hension par l&#039;IA\u00a0: transformez les descriptions de produits verbeuses en r\u00e9sum\u00e9s concis que les agents IA peuvent analyser et utiliser rapidement pour formuler des recommandations.<\/p>\n<p><strong>\ud83d\udcca Tableau de bord d&#039;analyse des bots IA<\/strong><br \/>\nObtenez une visibilit\u00e9 compl\u00e8te sur le trafic IA. Suivez les bots qui visitent votre boutique (GPT, Claude, Gemini, Perplexity, etc.), les produits qui les int\u00e9ressent et leur comportement. Surveillez l&#039;utilisation des points de terminaison API, la classification des intentions des bots (achat ou d\u00e9couverte) et les tendances d&#039;engagement sur l&#039;ensemble de votre catalogue.<\/p>\n<p><strong>\ud83d\udd0d Score de visibilit\u00e9 IA<\/strong><br \/>\nD\u00e9terminez la visibilit\u00e9 de vos produits pour les syst\u00e8mes d&#039;IA. IKAROS calcule un score de visibilit\u00e9 IA en temps r\u00e9el bas\u00e9 sur\u00a0:<\/p>\n<ul>\n<li>Activit\u00e9 des bots et mod\u00e8les de visite<\/li>\n<li>Couverture et optimisation des produits<\/li>\n<li>Qualit\u00e9 et descriptions du contenu<\/li>\n<li>Fr\u00e9quence et profondeur de la marche \u00e0 quatre pattes<\/li>\n<\/ul>\n<p>Observez votre score s&#039;am\u00e9liorer \u00e0 mesure que vous optimisez votre boutique pour l&#039;IA.<\/p>\n<p><strong>\ud83d\udee1\ufe0f Contr\u00f4le des politiques par l&#039;IA<\/strong><br \/>\nPrenez le contr\u00f4le. D\u00e9cidez quels robots d&#039;exploration et crawlers d&#039;IA peuvent acc\u00e9der \u00e0 vos produits. Cr\u00e9ez des listes blanches et noires pour des services d&#039;IA sp\u00e9cifiques, contr\u00f4lez les limites de requ\u00eates et appliquez des politiques de s\u00e9curit\u00e9. Prot\u00e9gez-vous contre les abus tout en favorisant des partenariats commerciaux l\u00e9gitimes avec l&#039;IA.<\/p>\n<p><strong>\ud83d\udcdd LLMS.txt et points de terminaison de d\u00e9couverte<\/strong><br \/>\nPrendre en charge les normes modernes de d\u00e9couverte de l&#039;IA, y compris les\u00a0<code>llms.txt<\/code>\u00a0D\u00e9couverte de protocoles standard et automatis\u00e9s. Exposez les fonctionnalit\u00e9s et les points de terminaison commerciaux via des API REST que les agents d&#039;IA peuvent d\u00e9couvrir et invoquer.<\/p>\n<p><strong>\ud83d\udd10 S\u00e9curit\u00e9 et limitation du d\u00e9bit<\/strong><br \/>\nFonctionnalit\u00e9s de s\u00e9curit\u00e9 de niveau entreprise, notamment\u00a0:<\/p>\n<ul>\n<li>V\u00e9rification de la demande sign\u00e9e avec contr\u00f4le de fra\u00eecheur de l&#039;horodatage<\/li>\n<li>Protection contre la relecture et autorisation d&#039;\u00e9criture<\/li>\n<li>Limitation du d\u00e9bit par adresse IP \u00e0 la minute et par jour<\/li>\n<li>Int\u00e9gration optionnelle de Cloudflare Turnstile ou de Google reCAPTCHA v3<\/li>\n<li>Mode ACP (Agentic Commerce Protocol) public avec protection honeypot<\/li>\n<\/ul>\n<p><strong>\ud83d\uded2 S\u00e9ances de paiement Agentic<\/strong><br \/>\nAutorisez les agents IA \u00e0 finaliser les achats dans votre boutique. IKAROS fournit des points de terminaison d&#039;API REST pour la cr\u00e9ation, la mise \u00e0 jour et la finalisation des sessions de paiement, permettant ainsi aux agents d&#039;achat IA de parcourir l&#039;int\u00e9gralit\u00e9 du processus d&#039;achat de mani\u00e8re automatis\u00e9e.<\/p>\n<p><strong>\ud83e\udded D\u00e9couverte des points de terminaison et des produits<\/strong><br \/>\nD\u00e9couverte et surveillance automatiques des points de terminaison. Identifiez pr\u00e9cis\u00e9ment les routes API utilis\u00e9es par les bots IA et les produits qui suscitent le plus d&#039;int\u00e9r\u00eat. B\u00e9n\u00e9ficiez d&#039;analyses d\u00e9taill\u00e9es des tendances de trafic IA par cat\u00e9gorie, produit et point de terminaison.<\/p>\n<p><strong>\ud83e\udde0 Analyses avanc\u00e9es<\/strong><\/p>\n<ul>\n<li>Journaux d&#039;activit\u00e9 avec param\u00e8tres de requ\u00eate d&#039;achat pour le trafic attribu\u00e9<\/li>\n<li>R\u00e9solution de l&#039;URL canonique du produit pour un suivi pr\u00e9cis<\/li>\n<li>Exportation CSV pour analyse externe<\/li>\n<li>Analyse des points de terminaison par cat\u00e9gorie et \u00e9tiquette<\/li>\n<li>Filtrage temporel et analyse des tendances<\/li>\n<\/ul>\n<h3><strong>Comment \u00e7a marche<\/strong><\/h3>\n<ol>\n<li><strong>Installer et activer<\/strong>\u00a0\u2013 D\u00e9ployez IKAROS sur votre boutique WooCommerce<\/li>\n<li><strong>Configure<\/strong>\u00a0\u2013 Activez les fonctionnalit\u00e9s souhait\u00e9es (suivi des bots, diffusion des manifestes, optimisation des produits)<\/li>\n<li><strong>Optimiser<\/strong>\u00a0\u2013 G\u00e9n\u00e9rer des descriptions de produits optimis\u00e9es pour l&#039;IA \u00e0 l&#039;aide de Gemini (cl\u00e9 API facultative)<\/li>\n<li><strong>Moniteur<\/strong>\u00a0\u2013 Consultez votre score de visibilit\u00e9 IA et les analyses de vos bots en temps r\u00e9el<\/li>\n<li><strong>Contr\u00f4le<\/strong>\u00a0\u2013 D\u00e9finissez des r\u00e8gles concernant l&#039;acc\u00e8s des bots \u00e0 vos donn\u00e9es<\/li>\n<li><strong>\u00c9chelle<\/strong>\u00a0\u2013 \u00c0 mesure que les agents d&#039;IA g\u00e9n\u00e8rent plus de trafic, observez la croissance de votre attribution et de vos recommandations.<\/li>\n<\/ol>\n<h3><strong>Qui devrait utiliser IKAROS ?<\/strong><\/h3>\n<ul>\n<li><strong>Boutiques de commerce \u00e9lectronique<\/strong>\u00a0qui souhaitent \u00eatre d\u00e9couverts par les assistants d&#039;achat IA<\/li>\n<li><strong>d\u00e9taillants B2B<\/strong>\u00a0pr\u00e9paration des plateformes d&#039;approvisionnement automatis\u00e9es<\/li>\n<li><strong>op\u00e9rateurs de march\u00e9<\/strong>\u00a0permettre le commerce natif de l&#039;IA<\/li>\n<li><strong>\u00c9quipes produit<\/strong>\u00a0besoin de visibilit\u00e9 sur la mani\u00e8re dont les syst\u00e8mes d&#039;IA interagissent avec leur catalogue<\/li>\n<li><strong>Commer\u00e7ants soucieux de la confidentialit\u00e9<\/strong>\u00a0qui souhaitent contr\u00f4ler l&#039;acc\u00e8s aux bots d&#039;IA<\/li>\n<\/ul>\n<h3><strong>Version gratuite vs. version Pro<\/strong><\/h3>\n<p><strong>IKAROS Free comprend\u00a0:<\/strong><\/p>\n<ul>\n<li>\u2705 Manifestes du commerce IA<\/li>\n<li>\u2705 Optimisation du produit (utilisez votre propre cl\u00e9 API Gemini)<\/li>\n<li>\u2705 Analyses et tableaux de bord des bots<\/li>\n<li>\u2705 Score de visibilit\u00e9 IA<\/li>\n<li>\u2705 Contr\u00f4les de politique<\/li>\n<li>\u2705 Prise en charge de llms.txt<\/li>\n<li>\u2705 Limitation du d\u00e9bit et s\u00e9curit\u00e9<\/li>\n<li>\u2705 API de session de paiement<\/li>\n<\/ul>\n<p><strong>IKAROS Pro ajoute\u00a0:<\/strong><\/p>\n<ul>\n<li>\u26a1 Optimisation IA en masse (optimisation de l&#039;ensemble du catalogue en une seule fois)<\/li>\n<li>\ud83d\udc41\ufe0f Descriptions IA visuelles (g\u00e9n\u00e9ration de descriptions \u00e0 partir d&#039;images de produits)<\/li>\n<li>\ud83d\udcc8 Analyses avanc\u00e9es et informations sur les performances<\/li>\n<li>\ud83c\udfaf Assistance prioritaire<\/li>\n<\/ul>\n<h3><strong>Confidentialit\u00e9 et conformit\u00e9<\/strong><\/h3>\n<ul>\n<li>Aucun pixel de suivi tiers n&#039;est inject\u00e9 sur votre interface utilisateur.<\/li>\n<li>Par d\u00e9faut, aucune analyse JavaScript n&#039;est activ\u00e9e.<\/li>\n<li>La journalisation des bots est en cours\u00a0<strong>d\u00e9sactiv\u00e9 par d\u00e9faut<\/strong>\u00a0(inscription volontaire)<\/li>\n<li>Collecte de donn\u00e9es transparente avec contr\u00f4le<\/li>\n<li>Les propri\u00e9taires de sites web contr\u00f4lent les avis de consentement conform\u00e9ment \u00e0 la l\u00e9gislation locale.<\/li>\n<li>L&#039;int\u00e9gration de l&#039;API Google Gemini n&#039;est possible que lorsque vous cliquez sur \u201c\u00a0G\u00e9n\u00e9rer\u00a0\u201d.\u201d<\/li>\n<\/ul>\n<h3><strong>Exigences<\/strong><\/h3>\n<ul>\n<li>WordPress 6.0 ou version ult\u00e9rieure<\/li>\n<li>PHP 7.4 ou version ult\u00e9rieure<\/li>\n<li>WooCommerce actif<\/li>\n<li>Facultatif\u00a0: cl\u00e9 API Google Gemini (pour la g\u00e9n\u00e9ration de descriptions par IA)<\/li>\n<\/ul>\n<h3><strong>Commencez d\u00e8s aujourd&#039;hui<\/strong><\/h3>\n<p>IKAROS est gratuit, open source et pr\u00eat \u00e0 l&#039;emploi. Transformez votre boutique WooCommerce en une plateforme e-commerce compatible avec l&#039;IA et attirez du trafic et des recommandations g\u00e9n\u00e9r\u00e9s par l&#039;IA. L&#039;internet de l&#039;IA arrive\u00a0: pr\u00e9parez votre boutique d\u00e8s maintenant.<\/p>","protected":false},"excerpt":{"rendered":"<p>Pr\u00e9parez votre boutique WooCommerce \u00e0 l&#039;av\u00e8nement de l&#039;IA sur Internet. IKAROS aide les assistants vocaux et les agents d&#039;achat \u00e0 comprendre vos produits gr\u00e2ce \u00e0 des manifestes adapt\u00e9s \u00e0 l&#039;IA, l&#039;optimisation des produits, l&#039;analyse des bots et la gestion des politiques.<\/p>","protected":false},"featured_media":428,"comment_status":"open","ping_status":"closed","template":"","meta":[],"product_brand":[50,71],"product_cat":[18,72],"product_tag":[51,23,20,55,53,52,77,24,22,54,19],"class_list":{"0":"post-150","1":"product","2":"type-product","3":"status-publish","4":"has-post-thumbnail","6":"product_brand-aigentic","7":"product_brand-ikaros-ai","8":"product_cat-ai-seo-tools","9":"product_cat-plugins","10":"product_tag-agent-first","11":"product_tag-agentic-commerce","12":"product_tag-ai","13":"product_tag-ai-agent-seo","14":"product_tag-ai-shopping","15":"product_tag-aio","16":"product_tag-geo","17":"product_tag-plugin","18":"product_tag-seo","19":"product_tag-shopping-agent","20":"product_tag-woocommerce","22":"first","23":"instock","24":"taxable","25":"shipping-taxable","26":"product-type-external"},"yoast_head":"<!-- This site is optimized with the Yoast SEO plugin v27.2 - https:\/\/yoast.com\/product\/yoast-seo-wordpress\/ -->\n<title>Ikaros Ai Commerce Layer Free - AI Manifest &amp; Bot Optimizer plugin for WooCommerce - IKAROS AI Commerce Layer<\/title>\n<meta name=\"description\" content=\"Prepare your WooCommerce store for the AI internet. IKAROS helps AI assistants and shopping agents understand your products with AI-friendly manifests, product optimization, bot analytics, and policy controls.\" \/>\n<meta name=\"robots\" content=\"index, follow, max-snippet:-1, max-image-preview:large, max-video-preview:-1\" \/>\n<link rel=\"canonical\" href=\"https:\/\/ikaros.pro\/fr\/product\/aigentic-bot-doptimisation-de-manifeste-ia-gratuit-pour-woocommerce\/\" \/>\n<meta property=\"og:locale\" content=\"fr_FR\" \/>\n<meta property=\"og:type\" content=\"article\" \/>\n<meta property=\"og:title\" content=\"Ikaros Ai Commerce Layer Free - AI Manifest &amp; Bot Optimizer plugin for WooCommerce - IKAROS AI Commerce Layer\" \/>\n<meta property=\"og:description\" content=\"Prepare your WooCommerce store for the AI internet. IKAROS helps AI assistants and shopping agents understand your products with AI-friendly manifests, product optimization, bot analytics, and policy controls.\" \/>\n<meta property=\"og:url\" content=\"https:\/\/ikaros.pro\/fr\/product\/aigentic-bot-doptimisation-de-manifeste-ia-gratuit-pour-woocommerce\/\" \/>\n<meta property=\"og:site_name\" content=\"IKAROS AI Commerce Layer\" \/>\n<meta property=\"article:modified_time\" content=\"2026-03-16T19:43:43+00:00\" \/>\n<meta property=\"og:image\" content=\"https:\/\/ikaros.pro\/wp-content\/uploads\/2026\/01\/ikaros-ai-commerce-layer-free-e1773689324856.jpg\" \/>\n\t<meta property=\"og:image:width\" content=\"915\" \/>\n\t<meta property=\"og:image:height\" content=\"910\" \/>\n\t<meta property=\"og:image:type\" content=\"image\/jpeg\" \/>\n<meta name=\"twitter:card\" content=\"summary_large_image\" \/>\n<meta name=\"twitter:label1\" content=\"Dur\u00e9e de lecture est.\" \/>\n\t<meta name=\"twitter:data1\" content=\"4 minutes\" \/>\n<script type=\"application\/ld+json\" class=\"yoast-schema-graph\">{\"@context\":\"https:\/\/schema.org\",\"@graph\":[{\"@type\":\"WebPage\",\"@id\":\"https:\/\/ikaros.pro\/product\/aigentic-free-ai-manifest-bot-optimizer-for-woocommerce\/\",\"url\":\"https:\/\/ikaros.pro\/product\/aigentic-free-ai-manifest-bot-optimizer-for-woocommerce\/\",\"name\":\"Ikaros Ai Commerce Layer Free - AI Manifest & Bot Optimizer plugin for WooCommerce - IKAROS AI Commerce Layer\",\"isPartOf\":{\"@id\":\"https:\/\/ikaros.pro\/#website\"},\"primaryImageOfPage\":{\"@id\":\"https:\/\/ikaros.pro\/product\/aigentic-free-ai-manifest-bot-optimizer-for-woocommerce\/#primaryimage\"},\"image\":{\"@id\":\"https:\/\/ikaros.pro\/product\/aigentic-free-ai-manifest-bot-optimizer-for-woocommerce\/#primaryimage\"},\"thumbnailUrl\":\"https:\/\/ikaros.pro\/wp-content\/uploads\/2026\/01\/ikaros-ai-commerce-layer-free-e1773689324856.jpg\",\"datePublished\":\"2026-01-30T22:32:00+00:00\",\"dateModified\":\"2026-03-16T19:43:43+00:00\",\"description\":\"Prepare your WooCommerce store for the AI internet. IKAROS helps AI assistants and shopping agents understand your products with AI-friendly manifests, product optimization, bot analytics, and policy controls.\",\"breadcrumb\":{\"@id\":\"https:\/\/ikaros.pro\/product\/aigentic-free-ai-manifest-bot-optimizer-for-woocommerce\/#breadcrumb\"},\"inLanguage\":\"fr-BE\",\"potentialAction\":[{\"@type\":\"ReadAction\",\"target\":[\"https:\/\/ikaros.pro\/product\/aigentic-free-ai-manifest-bot-optimizer-for-woocommerce\/\"]}]},{\"@type\":\"ImageObject\",\"inLanguage\":\"fr-BE\",\"@id\":\"https:\/\/ikaros.pro\/product\/aigentic-free-ai-manifest-bot-optimizer-for-woocommerce\/#primaryimage\",\"url\":\"https:\/\/ikaros.pro\/wp-content\/uploads\/2026\/01\/ikaros-ai-commerce-layer-free-e1773689324856.jpg\",\"contentUrl\":\"https:\/\/ikaros.pro\/wp-content\/uploads\/2026\/01\/ikaros-ai-commerce-layer-free-e1773689324856.jpg\",\"width\":915,\"height\":910,\"caption\":\"Elevate your WooCommerce store for free with the Ikaros Ai Commerce Layer plugin, bringing powerful AI capabilities for better efficiency. Its AI\"},{\"@type\":\"BreadcrumbList\",\"@id\":\"https:\/\/ikaros.pro\/product\/aigentic-free-ai-manifest-bot-optimizer-for-woocommerce\/#breadcrumb\",\"itemListElement\":[{\"@type\":\"ListItem\",\"position\":1,\"name\":\"Home\",\"item\":\"https:\/\/ikaros.pro\/\"},{\"@type\":\"ListItem\",\"position\":2,\"name\":\"Shop\",\"item\":\"https:\/\/ikaros.pro\/shop\/\"},{\"@type\":\"ListItem\",\"position\":3,\"name\":\"Ikaros Ai Commerce Layer Free &#8211; AI Manifest &#038; Bot Optimizer plugin for WooCommerce\"}]},{\"@type\":\"WebSite\",\"@id\":\"https:\/\/ikaros.pro\/#website\",\"url\":\"https:\/\/ikaros.pro\/\",\"name\":\"IKAROS Ai Commerce Layer\",\"description\":\"AI Manifest &amp; Bot Optimizer for WooCommerce (ChatGPT, Gemini, Agentic Commerce)\",\"publisher\":{\"@id\":\"https:\/\/ikaros.pro\/#organization\"},\"potentialAction\":[{\"@type\":\"SearchAction\",\"target\":{\"@type\":\"EntryPoint\",\"urlTemplate\":\"https:\/\/ikaros.pro\/?s={search_term_string}\"},\"query-input\":{\"@type\":\"PropertyValueSpecification\",\"valueRequired\":true,\"valueName\":\"search_term_string\"}}],\"inLanguage\":\"fr-BE\"},{\"@type\":\"Organization\",\"@id\":\"https:\/\/ikaros.pro\/#organization\",\"name\":\"AiGentic\",\"url\":\"https:\/\/ikaros.pro\/\",\"logo\":{\"@type\":\"ImageObject\",\"inLanguage\":\"fr-BE\",\"@id\":\"https:\/\/ikaros.pro\/#\/schema\/logo\/image\/\",\"url\":\"https:\/\/ikaros.pro\/wp-content\/uploads\/2026\/03\/ikaros_logo-e1772829776648.png\",\"contentUrl\":\"https:\/\/ikaros.pro\/wp-content\/uploads\/2026\/03\/ikaros_logo-e1772829776648.png\",\"width\":300,\"height\":40,\"caption\":\"AiGentic\"},\"image\":{\"@id\":\"https:\/\/ikaros.pro\/#\/schema\/logo\/image\/\"}}]}<\/script>\n<!-- \/ Yoast SEO plugin. -->","yoast_head_json":{"title":"Ikaros Ai Commerce Layer Free - Plugin AI Manifest &amp; Bot Optimizer pour WooCommerce - IKAROS AI Commerce Layer","description":"Pr\u00e9parez votre boutique WooCommerce \u00e0 l&#039;av\u00e8nement de l&#039;IA sur Internet. IKAROS aide les assistants vocaux et les agents d&#039;achat \u00e0 comprendre vos produits gr\u00e2ce \u00e0 des manifestes adapt\u00e9s \u00e0 l&#039;IA, l&#039;optimisation des produits, l&#039;analyse des bots et la gestion des politiques.","robots":{"index":"index","follow":"follow","max-snippet":"max-snippet:-1","max-image-preview":"max-image-preview:large","max-video-preview":"max-video-preview:-1"},"canonical":"https:\/\/ikaros.pro\/fr\/product\/aigentic-bot-doptimisation-de-manifeste-ia-gratuit-pour-woocommerce\/","og_locale":"fr_FR","og_type":"article","og_title":"Ikaros Ai Commerce Layer Free - AI Manifest & Bot Optimizer plugin for WooCommerce - IKAROS AI Commerce Layer","og_description":"Prepare your WooCommerce store for the AI internet. IKAROS helps AI assistants and shopping agents understand your products with AI-friendly manifests, product optimization, bot analytics, and policy controls.","og_url":"https:\/\/ikaros.pro\/fr\/product\/aigentic-bot-doptimisation-de-manifeste-ia-gratuit-pour-woocommerce\/","og_site_name":"IKAROS AI Commerce Layer","article_modified_time":"2026-03-16T19:43:43+00:00","og_image":[{"width":915,"height":910,"url":"https:\/\/ikaros.pro\/wp-content\/uploads\/2026\/01\/ikaros-ai-commerce-layer-free-e1773689324856.jpg","type":"image\/jpeg"}],"twitter_card":"summary_large_image","twitter_misc":{"Dur\u00e9e de lecture est.":"4 minutes"},"schema":{"@context":"https:\/\/schema.org","@graph":[{"@type":"WebPage","@id":"https:\/\/ikaros.pro\/product\/aigentic-free-ai-manifest-bot-optimizer-for-woocommerce\/","url":"https:\/\/ikaros.pro\/product\/aigentic-free-ai-manifest-bot-optimizer-for-woocommerce\/","name":"Ikaros Ai Commerce Layer Free - Plugin AI Manifest &amp; Bot Optimizer pour WooCommerce - IKAROS AI Commerce Layer","isPartOf":{"@id":"https:\/\/ikaros.pro\/#website"},"primaryImageOfPage":{"@id":"https:\/\/ikaros.pro\/product\/aigentic-free-ai-manifest-bot-optimizer-for-woocommerce\/#primaryimage"},"image":{"@id":"https:\/\/ikaros.pro\/product\/aigentic-free-ai-manifest-bot-optimizer-for-woocommerce\/#primaryimage"},"thumbnailUrl":"https:\/\/ikaros.pro\/wp-content\/uploads\/2026\/01\/ikaros-ai-commerce-layer-free-e1773689324856.jpg","datePublished":"2026-01-30T22:32:00+00:00","dateModified":"2026-03-16T19:43:43+00:00","description":"Pr\u00e9parez votre boutique WooCommerce \u00e0 l&#039;av\u00e8nement de l&#039;IA sur Internet. IKAROS aide les assistants vocaux et les agents d&#039;achat \u00e0 comprendre vos produits gr\u00e2ce \u00e0 des manifestes adapt\u00e9s \u00e0 l&#039;IA, l&#039;optimisation des produits, l&#039;analyse des bots et la gestion des politiques.","breadcrumb":{"@id":"https:\/\/ikaros.pro\/product\/aigentic-free-ai-manifest-bot-optimizer-for-woocommerce\/#breadcrumb"},"inLanguage":"fr-BE","potentialAction":[{"@type":"ReadAction","target":["https:\/\/ikaros.pro\/product\/aigentic-free-ai-manifest-bot-optimizer-for-woocommerce\/"]}]},{"@type":"ImageObject","inLanguage":"fr-BE","@id":"https:\/\/ikaros.pro\/product\/aigentic-free-ai-manifest-bot-optimizer-for-woocommerce\/#primaryimage","url":"https:\/\/ikaros.pro\/wp-content\/uploads\/2026\/01\/ikaros-ai-commerce-layer-free-e1773689324856.jpg","contentUrl":"https:\/\/ikaros.pro\/wp-content\/uploads\/2026\/01\/ikaros-ai-commerce-layer-free-e1773689324856.jpg","width":915,"height":910,"caption":"Elevate your WooCommerce store for free with the Ikaros Ai Commerce Layer plugin, bringing powerful AI capabilities for better efficiency. Its AI"},{"@type":"BreadcrumbList","@id":"https:\/\/ikaros.pro\/product\/aigentic-free-ai-manifest-bot-optimizer-for-woocommerce\/#breadcrumb","itemListElement":[{"@type":"ListItem","position":1,"name":"Home","item":"https:\/\/ikaros.pro\/"},{"@type":"ListItem","position":2,"name":"Shop","item":"https:\/\/ikaros.pro\/shop\/"},{"@type":"ListItem","position":3,"name":"Ikaros Ai Commerce Layer Free &#8211; AI Manifest &#038; Bot Optimizer plugin for WooCommerce"}]},{"@type":"WebSite","@id":"https:\/\/ikaros.pro\/#website","url":"https:\/\/ikaros.pro\/","name":"Couche de commerce IKAROS Ai","description":"Manifeste IA et optimiseur de bots pour WooCommerce (ChatGPT, Gemini, Agentic Commerce)","publisher":{"@id":"https:\/\/ikaros.pro\/#organization"},"potentialAction":[{"@type":"SearchAction","target":{"@type":"EntryPoint","urlTemplate":"https:\/\/ikaros.pro\/?s={search_term_string}"},"query-input":{"@type":"PropertyValueSpecification","valueRequired":true,"valueName":"search_term_string"}}],"inLanguage":"fr-BE"},{"@type":"Organization","@id":"https:\/\/ikaros.pro\/#organization","name":"AiGentic","url":"https:\/\/ikaros.pro\/","logo":{"@type":"ImageObject","inLanguage":"fr-BE","@id":"https:\/\/ikaros.pro\/#\/schema\/logo\/image\/","url":"https:\/\/ikaros.pro\/wp-content\/uploads\/2026\/03\/ikaros_logo-e1772829776648.png","contentUrl":"https:\/\/ikaros.pro\/wp-content\/uploads\/2026\/03\/ikaros_logo-e1772829776648.png","width":300,"height":40,"caption":"AiGentic"},"image":{"@id":"https:\/\/ikaros.pro\/#\/schema\/logo\/image\/"}}]}},"_links":{"self":[{"href":"https:\/\/ikaros.pro\/fr\/wp-json\/wp\/v2\/product\/150","targetHints":{"allow":["GET"]}}],"collection":[{"href":"https:\/\/ikaros.pro\/fr\/wp-json\/wp\/v2\/product"}],"about":[{"href":"https:\/\/ikaros.pro\/fr\/wp-json\/wp\/v2\/types\/product"}],"replies":[{"embeddable":true,"href":"https:\/\/ikaros.pro\/fr\/wp-json\/wp\/v2\/comments?post=150"}],"wp:featuredmedia":[{"embeddable":true,"href":"https:\/\/ikaros.pro\/fr\/wp-json\/wp\/v2\/media\/428"}],"wp:attachment":[{"href":"https:\/\/ikaros.pro\/fr\/wp-json\/wp\/v2\/media?parent=150"}],"wp:term":[{"taxonomy":"product_brand","embeddable":true,"href":"https:\/\/ikaros.pro\/fr\/wp-json\/wp\/v2\/product_brand?post=150"},{"taxonomy":"product_cat","embeddable":true,"href":"https:\/\/ikaros.pro\/fr\/wp-json\/wp\/v2\/product_cat?post=150"},{"taxonomy":"product_tag","embeddable":true,"href":"https:\/\/ikaros.pro\/fr\/wp-json\/wp\/v2\/product_tag?post=150"}],"curies":[{"name":"wp","href":"https:\/\/api.w.org\/{rel}","templated":true}]}}