{"id":68,"date":"2026-01-29T12:15:11","date_gmt":"2026-01-29T12:15:11","guid":{"rendered":"https:\/\/ikaros.pro\/?page_id=68"},"modified":"2026-01-31T04:34:43","modified_gmt":"2026-01-31T04:34:43","slug":"documenten","status":"publish","type":"page","link":"https:\/\/ikaros.pro\/nl\/documenten\/","title":{"rendered":"Aigentic Gebruikershandleiding"},"content":{"rendered":"<h1 class=\"wp-block-heading\">Aan de slag met Aigentic AI<\/h1>\r\n\r\n\r\n\r\n<p>Welkom bij Aigentic! Deze handleiding helpt je om je WooCommerce-winkel om te toveren tot een agent-ready krachtpatser met behulp van Google Gemini AI.<\/p>\r\n\r\n\r\n\r\n<h2 class=\"wp-block-heading\">1. Installatie<\/h2>\r\n\r\n\r\n\r\n<h3 class=\"wp-block-heading\"><strong>Stap A: Installeer de Foundation (gratis plugin)<\/strong><\/h3>\r\n\r\n\r\n\r\n<ol class=\"wp-block-list\" start=\"1\">\r\n<li>Downloaden <strong>Aigentic AI<\/strong> (Gratis) plugin.<\/li>\r\n\r\n\r\n\r\n<li>Ga naar je WordPress-dashboard \u2192 <strong>Plugins<\/strong> \u2192 <strong>Nieuwe toevoegen<\/strong>.<\/li>\r\n\r\n\r\n\r\n<li>Klik op <strong>Uploadplugin<\/strong> en selecteer <code>aigentic.zip<\/code>.<\/li>\r\n\r\n\r\n\r\n<li>Klik op <strong>Activeer<\/strong>.<\/li>\r\n<\/ol>\r\n\r\n\r\n\r\n<h3 class=\"wp-block-heading\"><strong>Stap B: Installeer de Pro-add-on<\/strong><\/h3>\r\n\r\n\r\n\r\n<ol class=\"wp-block-list\" start=\"1\">\r\n<li>Downloaden <strong>Aigentic Pro<\/strong> plugin uit de e-mail met je aankoopbevestiging.<\/li>\r\n\r\n\r\n\r\n<li>Ga naar <strong>Plugins<\/strong> \u2192 <strong>Nieuwe toevoegen<\/strong>.<\/li>\r\n\r\n\r\n\r\n<li>Uploaden <code>aigentic-pro.zip<\/code> en klik <strong>Activeer<\/strong>.<\/li>\r\n<\/ol>\r\n\r\n\r\n<hr class=\"wp-block-separator has-alpha-channel-opacity\" \/>\r\n\r\n\r\n<h2 class=\"wp-block-heading\">2. Uw licentie activeren<\/h2>\r\n\r\n\r\n\r\n<p><em>Ontgrendelt Vision AI en bulktools.<\/em><\/p>\r\n\r\n\r\n\r\n<ol class=\"wp-block-list\" start=\"1\">\r\n<li>Navigeer naar <strong>Aigentic AI<\/strong> in je WordPress-zijbalk.<\/li>\r\n\r\n\r\n\r\n<li>Zoek naar de <strong>\u201cActivering van de Pro-licentie\u201d<\/strong> doos (meestal rechts of onderaan).<\/li>\r\n\r\n\r\n\r\n<li>Voer de licentiesleutel in die u per e-mail hebt ontvangen (bijv., <code>AIG-1A2B3C...<\/code>).<\/li>\r\n\r\n\r\n\r\n<li>Klik op <strong>Licentie activeren<\/strong>.<\/li>\r\n\r\n\r\n\r\n<li>Je zou een groene melding moeten zien: <strong>\u201c\u2705 Licentie actief\u201d<\/strong>.<\/li>\r\n<\/ol>\r\n\r\n\r\n<hr class=\"wp-block-separator has-alpha-channel-opacity\" \/>\r\n\r\n\r\n<h2 class=\"wp-block-heading\">3. Je Google Gemini API-sleutel verkrijgen<\/h2>\r\n\r\n\r\n\r\n<p><em>Dit is nodig zodat de AI beschrijvingen kan &quot;zien&quot; en &quot;schrijven&quot;.<\/em><\/p>\r\n\r\n\r\n\r\n<p>Aigentic maakt gebruik van je eigen Google Cloud-account, wat een royale hoeveelheid opslagruimte biedt. <strong>Gratis niveau<\/strong> (momenteel gratis voor basisgebruik).<\/p>\r\n\r\n\r\n\r\n<ol class=\"wp-block-list\" start=\"1\">\r\n<li>Ga naar <a href=\"https:\/\/aistudio.google.com\/app\/apikey\" target=\"_blank\" rel=\"noreferrer noopener\">Google AI Studio (API-sleutel verkrijgen)<\/a>.<\/li>\r\n\r\n\r\n\r\n<li>Klik op <strong>\u201cAPI-sleutel aanmaken\u201d<\/strong>.<\/li>\r\n\r\n\r\n\r\n<li>Selecteer je Google Cloud-project (of maak een nieuw project aan).<\/li>\r\n\r\n\r\n\r\n<li>Kopieer de lange tekenreeks (begint met <code>AIza...<\/code>).<\/li>\r\n\r\n\r\n\r\n<li>Ga terug naar je WordPress-dashboard \u2192 <strong>Aigentic AI<\/strong>.<\/li>\r\n\r\n\r\n\r\n<li>Plak de sleutel in de <strong>\u201cGoogle Gemini API-sleutel\u201d<\/strong> veld.<\/li>\r\n\r\n\r\n\r\n<li>Klik op <strong>Opslaan en testen<\/strong>.<\/li>\r\n<\/ol>\r\n\r\n\r\n\r\n<blockquote class=\"wp-block-quote is-layout-flow wp-block-quote-is-layout-flow\">\r\n<p><strong>Opmerking:<\/strong> Als de test mislukt, controleer dan of je de &#039;Generative Language API&#039; hebt ingeschakeld in je Google Cloud Console.<\/p>\r\n<\/blockquote>\r\n\r\n\r\n<hr class=\"wp-block-separator has-alpha-channel-opacity\" \/>\r\n\r\n\r\n<h2 class=\"wp-block-heading\">4. Hoe Vision AI te gebruiken (\u00e9\u00e9n product)<\/h2>\r\n\r\n\r\n\r\n<p><em>Laat de AI naar je productafbeelding kijken en een beschrijving schrijven.<\/em><\/p>\r\n\r\n\r\n\r\n<ol class=\"wp-block-list\" start=\"1\">\r\n<li>Ga naar <strong>Producten<\/strong> Klik op een product om het te bewerken.<\/li>\r\n\r\n\r\n\r\n<li>Scroll naar beneden naar de <strong>\u201cAigentic AI\u201d<\/strong> tab (meestal in het gedeelte Productgegevens).<\/li>\r\n\r\n\r\n\r\n<li>Zorg ervoor dat uw product een <strong>Hoofdafbeelding<\/strong> set.<\/li>\r\n\r\n\r\n\r\n<li>Klik op <strong>\u201cGenereer met Vision AI\u201d<\/strong>.<\/li>\r\n\r\n\r\n\r\n<li>Wacht 3-5 seconden. De AI analyseert het beeldmateriaal, de kleuren en de context.<\/li>\r\n\r\n\r\n\r\n<li>De <strong>Samenvatting van de AI-context<\/strong> Het veld wordt automatisch ingevuld met een beschrijving met hoge dichtheid.<\/li>\r\n\r\n\r\n\r\n<li><strong>Bijwerken\/Opslaan<\/strong> het product.<\/li>\r\n<\/ol>\r\n\r\n\r\n\r\n<p><em>Deze beschrijving is nu onzichtbaar voor mensen, maar wel zichtbaar voor AI-shoppingbots via de <code>ai-context<\/code> meta-tag.<\/em><\/p>\r\n\r\n\r\n<hr class=\"wp-block-separator has-alpha-channel-opacity\" \/>\r\n\r\n\r\n<h2 class=\"wp-block-heading\">5. Hoe gebruik je Bulk Optimizer?<\/h2>\r\n\r\n\r\n\r\n<p><em>Verwerk uw volledige catalogus op de achtergrond.<\/em><\/p>\r\n\r\n\r\n\r\n<ol class=\"wp-block-list\" start=\"1\">\r\n<li>Ga naar <strong>Aigentic AI<\/strong> \u2192 <strong>Bulk Optimizer<\/strong>.<\/li>\r\n\r\n\r\n\r\n<li>Selecteer eerst de gewenste taal (bijv. Nederlands, Engels, Frans) in de hoofdinstellingen.<\/li>\r\n\r\n\r\n\r\n<li>Klik op <strong>Start optimalisatie<\/strong>.<\/li>\r\n\r\n\r\n\r\n<li>De voortgangsbalk toont de status.\r\n<ul class=\"wp-block-list\">\r\n<li><em>Let op: om servercrashes te voorkomen, verwerkt de bulktool producten \u00e9\u00e9n voor \u00e9\u00e9n.<\/em><\/li>\r\n<\/ul>\r\n<\/li>\r\n\r\n\r\n\r\n<li>Sluit het tabblad niet voordat de voortgangsbalk 100% bereikt.<\/li>\r\n<\/ol>","protected":false},"excerpt":{"rendered":"<p>Getting Started with Aigentic AI Welcome to Aigentic! This guide will help you transform your WooCommerce store into an Agent-Ready powerhouse using Google Gemini AI. 1. Installation Step A: Install the Foundation (Free Plugin) Step B: Install the Pro Add-On 2. Activating Your License Unlocks Vision AI &amp; Bulk Tools. 3. Getting Your Google Gemini [&hellip;]<\/p>\n","protected":false},"author":1,"featured_media":0,"parent":0,"menu_order":0,"comment_status":"closed","ping_status":"closed","template":"","meta":{"footnotes":""},"class_list":["post-68","page","type-page","status-publish","hentry"],"yoast_head":"<!-- This site is optimized with the Yoast SEO plugin v27.2 - https:\/\/yoast.com\/product\/yoast-seo-wordpress\/ -->\n<title>Aigentic User Manual - IKAROS AI Commerce Layer<\/title>\n<meta name=\"robots\" content=\"index, follow, max-snippet:-1, max-image-preview:large, max-video-preview:-1\" \/>\n<link rel=\"canonical\" href=\"https:\/\/ikaros.pro\/nl\/documenten\/\" \/>\n<meta property=\"og:locale\" content=\"nl_BE\" \/>\n<meta property=\"og:type\" content=\"article\" \/>\n<meta property=\"og:title\" content=\"Aigentic User Manual - IKAROS AI Commerce Layer\" \/>\n<meta property=\"og:description\" content=\"Getting Started with Aigentic AI Welcome to Aigentic! This guide will help you transform your WooCommerce store into an Agent-Ready powerhouse using Google Gemini AI. 1. Installation Step A: Install the Foundation (Free Plugin) Step B: Install the Pro Add-On 2. Activating Your License Unlocks Vision AI &amp; Bulk Tools. 3. Getting Your Google Gemini [&hellip;]\" \/>\n<meta property=\"og:url\" content=\"https:\/\/ikaros.pro\/nl\/documenten\/\" \/>\n<meta property=\"og:site_name\" content=\"IKAROS AI Commerce Layer\" \/>\n<meta property=\"article:modified_time\" content=\"2026-01-31T04:34:43+00:00\" \/>\n<meta property=\"og:image\" content=\"https:\/\/ikaros.pro\/wp-content\/uploads\/2026\/01\/Gemini_Generated_Image_fsfnu9fsfnu9fsfn-removebg-preview-1.png\" \/>\n\t<meta property=\"og:image:width\" content=\"500\" \/>\n\t<meta property=\"og:image:height\" content=\"500\" \/>\n\t<meta property=\"og:image:type\" content=\"image\/png\" \/>\n<meta name=\"twitter:card\" content=\"summary_large_image\" \/>\n<meta name=\"twitter:label1\" content=\"Geschatte leestijd\" \/>\n\t<meta name=\"twitter:data1\" content=\"2 minuten\" \/>\n<script type=\"application\/ld+json\" class=\"yoast-schema-graph\">{\"@context\":\"https:\/\/schema.org\",\"@graph\":[{\"@type\":\"WebPage\",\"@id\":\"https:\/\/ikaros.pro\/docs\/\",\"url\":\"https:\/\/ikaros.pro\/docs\/\",\"name\":\"Aigentic User Manual - IKAROS AI Commerce Layer\",\"isPartOf\":{\"@id\":\"https:\/\/ikaros.pro\/#website\"},\"datePublished\":\"2026-01-29T12:15:11+00:00\",\"dateModified\":\"2026-01-31T04:34:43+00:00\",\"breadcrumb\":{\"@id\":\"https:\/\/ikaros.pro\/docs\/#breadcrumb\"},\"inLanguage\":\"nl-BE\",\"potentialAction\":[{\"@type\":\"ReadAction\",\"target\":[\"https:\/\/ikaros.pro\/docs\/\"]}]},{\"@type\":\"BreadcrumbList\",\"@id\":\"https:\/\/ikaros.pro\/docs\/#breadcrumb\",\"itemListElement\":[{\"@type\":\"ListItem\",\"position\":1,\"name\":\"Home\",\"item\":\"https:\/\/ikaros.pro\/\"},{\"@type\":\"ListItem\",\"position\":2,\"name\":\"Aigentic User Manual\"}]},{\"@type\":\"WebSite\",\"@id\":\"https:\/\/ikaros.pro\/#website\",\"url\":\"https:\/\/ikaros.pro\/\",\"name\":\"IKAROS Ai Commerce Layer\",\"description\":\"AI Manifest &amp; Bot Optimizer for WooCommerce (ChatGPT, Gemini, Agentic Commerce)\",\"publisher\":{\"@id\":\"https:\/\/ikaros.pro\/#organization\"},\"potentialAction\":[{\"@type\":\"SearchAction\",\"target\":{\"@type\":\"EntryPoint\",\"urlTemplate\":\"https:\/\/ikaros.pro\/?s={search_term_string}\"},\"query-input\":{\"@type\":\"PropertyValueSpecification\",\"valueRequired\":true,\"valueName\":\"search_term_string\"}}],\"inLanguage\":\"nl-BE\"},{\"@type\":\"Organization\",\"@id\":\"https:\/\/ikaros.pro\/#organization\",\"name\":\"AiGentic\",\"url\":\"https:\/\/ikaros.pro\/\",\"logo\":{\"@type\":\"ImageObject\",\"inLanguage\":\"nl-BE\",\"@id\":\"https:\/\/ikaros.pro\/#\/schema\/logo\/image\/\",\"url\":\"https:\/\/ikaros.pro\/wp-content\/uploads\/2026\/03\/ikaros_logo-e1772829776648.png\",\"contentUrl\":\"https:\/\/ikaros.pro\/wp-content\/uploads\/2026\/03\/ikaros_logo-e1772829776648.png\",\"width\":300,\"height\":40,\"caption\":\"AiGentic\"},\"image\":{\"@id\":\"https:\/\/ikaros.pro\/#\/schema\/logo\/image\/\"}}]}<\/script>\n<!-- \/ Yoast SEO plugin. -->","yoast_head_json":{"title":"Aigentic Gebruikershandleiding - IKAROS AI Commerce Layer","robots":{"index":"index","follow":"follow","max-snippet":"max-snippet:-1","max-image-preview":"max-image-preview:large","max-video-preview":"max-video-preview:-1"},"canonical":"https:\/\/ikaros.pro\/nl\/documenten\/","og_locale":"nl_BE","og_type":"article","og_title":"Aigentic User Manual - IKAROS AI Commerce Layer","og_description":"Getting Started with Aigentic AI Welcome to Aigentic! This guide will help you transform your WooCommerce store into an Agent-Ready powerhouse using Google Gemini AI. 1. Installation Step A: Install the Foundation (Free Plugin) Step B: Install the Pro Add-On 2. Activating Your License Unlocks Vision AI &amp; Bulk Tools. 3. Getting Your Google Gemini [&hellip;]","og_url":"https:\/\/ikaros.pro\/nl\/documenten\/","og_site_name":"IKAROS AI Commerce Layer","article_modified_time":"2026-01-31T04:34:43+00:00","og_image":[{"width":500,"height":500,"url":"https:\/\/ikaros.pro\/wp-content\/uploads\/2026\/01\/Gemini_Generated_Image_fsfnu9fsfnu9fsfn-removebg-preview-1.png","type":"image\/png"}],"twitter_card":"summary_large_image","twitter_misc":{"Geschatte leestijd":"2 minuten"},"schema":{"@context":"https:\/\/schema.org","@graph":[{"@type":"WebPage","@id":"https:\/\/ikaros.pro\/docs\/","url":"https:\/\/ikaros.pro\/docs\/","name":"Aigentic Gebruikershandleiding - IKAROS AI Commerce Layer","isPartOf":{"@id":"https:\/\/ikaros.pro\/#website"},"datePublished":"2026-01-29T12:15:11+00:00","dateModified":"2026-01-31T04:34:43+00:00","breadcrumb":{"@id":"https:\/\/ikaros.pro\/docs\/#breadcrumb"},"inLanguage":"nl-BE","potentialAction":[{"@type":"ReadAction","target":["https:\/\/ikaros.pro\/docs\/"]}]},{"@type":"BreadcrumbList","@id":"https:\/\/ikaros.pro\/docs\/#breadcrumb","itemListElement":[{"@type":"ListItem","position":1,"name":"Home","item":"https:\/\/ikaros.pro\/"},{"@type":"ListItem","position":2,"name":"Aigentic User Manual"}]},{"@type":"WebSite","@id":"https:\/\/ikaros.pro\/#website","url":"https:\/\/ikaros.pro\/","name":"IKAROS AI-commercelaag","description":"AI Manifest &amp; Bot Optimizer voor WooCommerce (ChatGPT, Gemini, Agentic Commerce)","publisher":{"@id":"https:\/\/ikaros.pro\/#organization"},"potentialAction":[{"@type":"SearchAction","target":{"@type":"EntryPoint","urlTemplate":"https:\/\/ikaros.pro\/?s={search_term_string}"},"query-input":{"@type":"PropertyValueSpecification","valueRequired":true,"valueName":"search_term_string"}}],"inLanguage":"nl-BE"},{"@type":"Organization","@id":"https:\/\/ikaros.pro\/#organization","name":"AiGentic","url":"https:\/\/ikaros.pro\/","logo":{"@type":"ImageObject","inLanguage":"nl-BE","@id":"https:\/\/ikaros.pro\/#\/schema\/logo\/image\/","url":"https:\/\/ikaros.pro\/wp-content\/uploads\/2026\/03\/ikaros_logo-e1772829776648.png","contentUrl":"https:\/\/ikaros.pro\/wp-content\/uploads\/2026\/03\/ikaros_logo-e1772829776648.png","width":300,"height":40,"caption":"AiGentic"},"image":{"@id":"https:\/\/ikaros.pro\/#\/schema\/logo\/image\/"}}]}},"_links":{"self":[{"href":"https:\/\/ikaros.pro\/nl\/wp-json\/wp\/v2\/pages\/68","targetHints":{"allow":["GET"]}}],"collection":[{"href":"https:\/\/ikaros.pro\/nl\/wp-json\/wp\/v2\/pages"}],"about":[{"href":"https:\/\/ikaros.pro\/nl\/wp-json\/wp\/v2\/types\/page"}],"author":[{"embeddable":true,"href":"https:\/\/ikaros.pro\/nl\/wp-json\/wp\/v2\/users\/1"}],"replies":[{"embeddable":true,"href":"https:\/\/ikaros.pro\/nl\/wp-json\/wp\/v2\/comments?post=68"}],"version-history":[{"count":3,"href":"https:\/\/ikaros.pro\/nl\/wp-json\/wp\/v2\/pages\/68\/revisions"}],"predecessor-version":[{"id":277,"href":"https:\/\/ikaros.pro\/nl\/wp-json\/wp\/v2\/pages\/68\/revisions\/277"}],"wp:attachment":[{"href":"https:\/\/ikaros.pro\/nl\/wp-json\/wp\/v2\/media?parent=68"}],"curies":[{"name":"wp","href":"https:\/\/api.w.org\/{rel}","templated":true}]}}